{"id":20142,"date":"2023-03-21T10:47:09","date_gmt":"2023-03-21T08:47:09","guid":{"rendered":"https:\/\/ambrosia-wedding.com\/kontakt-hochzeitsplaner-in-spanien\/"},"modified":"2025-07-09T12:54:22","modified_gmt":"2025-07-09T10:54:22","slug":"contact-hochzeitsplanner-in-spain","status":"publish","type":"page","link":"https:\/\/ambrosia-wedding.com\/en\/contact-hochzeitsplanner-in-spain\/","title":{"rendered":"Contact Weddingplanner in Spain"},"content":{"rendered":"<p>[et_pb_section fb_built=&#8221;1&#8243; admin_label=&#8221;section&#8221; _builder_version=&#8221;4.16&#8243; global_colors_info=&#8221;{}&#8221;][et_pb_row column_structure=&#8221;1_3,2_3&#8243; admin_label=&#8221;row&#8221; _builder_version=&#8221;4.16&#8243; background_size=&#8221;initial&#8221; background_position=&#8221;top_left&#8221; background_repeat=&#8221;repeat&#8221; global_colors_info=&#8221;{}&#8221;][et_pb_column type=&#8221;1_3&#8243; _builder_version=&#8221;4.16&#8243; custom_padding=&#8221;|||&#8221; global_colors_info=&#8221;{}&#8221; custom_padding__hover=&#8221;|||&#8221;][et_pb_image src=&#8221;https:\/\/ambrosia-wedding.com\/wp-content\/uploads\/2025\/07\/anna-ambrosia-wedding-scaled.jpg&#8221; alt=&#8221;contact weddingplanner in spain&#8221; title_text=&#8221;contact weddingplanner in spain&#8221; _builder_version=&#8221;4.27.4&#8243; _module_preset=&#8221;default&#8221; hover_enabled=&#8221;0&#8243; global_colors_info=&#8221;{}&#8221; sticky_enabled=&#8221;0&#8243;][\/et_pb_image][\/et_pb_column][et_pb_column type=&#8221;2_3&#8243; _builder_version=&#8221;4.16&#8243; custom_padding=&#8221;|||&#8221; global_colors_info=&#8221;{}&#8221; custom_padding__hover=&#8221;|||&#8221;][et_pb_text admin_label=&#8221;Text&#8221; _builder_version=&#8221;4.27.4&#8243; background_size=&#8221;initial&#8221; background_position=&#8221;top_left&#8221; background_repeat=&#8221;repeat&#8221; global_colors_info=&#8221;{}&#8221;]<\/p>\n<p>Dear bridal couple,<\/p>\n<p>Congratulations on your engagement! I&#8217;m so happy for you both! Are you planning to celebrate your wedding in Spain and realise your dream of a beach wedding? Fantastic! You&#8217;ve already taken the first step. Now you just need someone on site to help you with the planning.<\/p>\n<p>I am your wedding planner here in Spain, more precisely in Almeria, in the beautiful south of Andalusia. Every year I plan a maximum of 20 exclusive and highly personalised weddings. That&#8217;s why certain dates are in high demand and sell out quickly.<\/p>\n<p>To get to know us, simply fill out the form on this page. This way I can get to know your wishes better and answer all your questions in detail.<\/p>\n<p>Greetings sun, sand and sea and<\/p>\n<p><a href=\"https:\/\/ambrosia-wedding.com\/en\/weddingplanner-in-spain\/\">Anna Ambrosiewicz &#8211; Wedding Planner in Spain <\/a>and the expert for beach weddings with WOW effect.<\/p>\n<p>[\/et_pb_text][et_pb_contact_form email=&#8221;info@ambrosia-wedding.com&#8221; success_message=&#8221;You will receive a reply within 24 hours. If you can&#8217;t find anything in the inbox, check your spam.&#8221; submit_button_text=&#8221;I want an offer&#8221; _builder_version=&#8221;4.27.4&#8243; _module_preset=&#8221;default&#8221; _unique_id=&#8221;b1ae23a0-945c-4339-b667-f28e84c68a35&#8243; global_colors_info=&#8221;{}&#8221;][et_pb_contact_field field_id=&#8221;Name&#8221; field_title=&#8221;Name&#8221; _builder_version=&#8221;4.27.4&#8243; global_colors_info=&#8221;{}&#8221; button_text_size__hover_enabled=&#8221;off&#8221; button_one_text_size__hover_enabled=&#8221;off&#8221; button_two_text_size__hover_enabled=&#8221;off&#8221; button_text_color__hover_enabled=&#8221;off&#8221; button_one_text_color__hover_enabled=&#8221;off&#8221; button_two_text_color__hover_enabled=&#8221;off&#8221; button_border_width__hover_enabled=&#8221;off&#8221; button_one_border_width__hover_enabled=&#8221;off&#8221; button_two_border_width__hover_enabled=&#8221;off&#8221; button_border_color__hover_enabled=&#8221;off&#8221; button_one_border_color__hover_enabled=&#8221;off&#8221; button_two_border_color__hover_enabled=&#8221;off&#8221; button_border_radius__hover_enabled=&#8221;off&#8221; button_one_border_radius__hover_enabled=&#8221;off&#8221; button_two_border_radius__hover_enabled=&#8221;off&#8221; button_letter_spacing__hover_enabled=&#8221;off&#8221; button_one_letter_spacing__hover_enabled=&#8221;off&#8221; button_two_letter_spacing__hover_enabled=&#8221;off&#8221; button_bg_color__hover_enabled=&#8221;off&#8221; button_one_bg_color__hover_enabled=&#8221;off&#8221; button_two_bg_color__hover_enabled=&#8221;off&#8221;][\/et_pb_contact_field][et_pb_contact_field field_id=&#8221;Email&#8221; field_title=&#8221;E-Mail&#8221; field_type=&#8221;email&#8221; _builder_version=&#8221;4.27.4&#8243; global_colors_info=&#8221;{}&#8221; button_text_size__hover_enabled=&#8221;off&#8221; button_one_text_size__hover_enabled=&#8221;off&#8221; button_two_text_size__hover_enabled=&#8221;off&#8221; button_text_color__hover_enabled=&#8221;off&#8221; button_one_text_color__hover_enabled=&#8221;off&#8221; button_two_text_color__hover_enabled=&#8221;off&#8221; button_border_width__hover_enabled=&#8221;off&#8221; button_one_border_width__hover_enabled=&#8221;off&#8221; button_two_border_width__hover_enabled=&#8221;off&#8221; button_border_color__hover_enabled=&#8221;off&#8221; button_one_border_color__hover_enabled=&#8221;off&#8221; button_two_border_color__hover_enabled=&#8221;off&#8221; button_border_radius__hover_enabled=&#8221;off&#8221; button_one_border_radius__hover_enabled=&#8221;off&#8221; button_two_border_radius__hover_enabled=&#8221;off&#8221; button_letter_spacing__hover_enabled=&#8221;off&#8221; button_one_letter_spacing__hover_enabled=&#8221;off&#8221; button_two_letter_spacing__hover_enabled=&#8221;off&#8221; button_bg_color__hover_enabled=&#8221;off&#8221; button_one_bg_color__hover_enabled=&#8221;off&#8221; button_two_bg_color__hover_enabled=&#8221;off&#8221;][\/et_pb_contact_field][et_pb_contact_field field_id=&#8221;Message&#8221; field_title=&#8221;Message&#8221; field_type=&#8221;text&#8221; fullwidth_field=&#8221;on&#8221; _builder_version=&#8221;4.27.4&#8243; global_colors_info=&#8221;{}&#8221; button_text_size__hover_enabled=&#8221;off&#8221; button_one_text_size__hover_enabled=&#8221;off&#8221; button_two_text_size__hover_enabled=&#8221;off&#8221; button_text_color__hover_enabled=&#8221;off&#8221; button_one_text_color__hover_enabled=&#8221;off&#8221; button_two_text_color__hover_enabled=&#8221;off&#8221; button_border_width__hover_enabled=&#8221;off&#8221; button_one_border_width__hover_enabled=&#8221;off&#8221; button_two_border_width__hover_enabled=&#8221;off&#8221; button_border_color__hover_enabled=&#8221;off&#8221; button_one_border_color__hover_enabled=&#8221;off&#8221; button_two_border_color__hover_enabled=&#8221;off&#8221; button_border_radius__hover_enabled=&#8221;off&#8221; button_one_border_radius__hover_enabled=&#8221;off&#8221; button_two_border_radius__hover_enabled=&#8221;off&#8221; button_letter_spacing__hover_enabled=&#8221;off&#8221; button_one_letter_spacing__hover_enabled=&#8221;off&#8221; button_two_letter_spacing__hover_enabled=&#8221;off&#8221; button_bg_color__hover_enabled=&#8221;off&#8221; button_one_bg_color__hover_enabled=&#8221;off&#8221; button_two_bg_color__hover_enabled=&#8221;off&#8221;][\/et_pb_contact_field][et_pb_contact_field field_id=&#8221;Field_4&#8243; field_title=&#8221;What is your budget?&#8221; field_type=&#8221;select&#8221; select_options=&#8221;%91{%22value%22:%22Hochzeit zu zweit%22,%22checked%22:0,%22dragID%22:-1},{%22value%22:%22ca. 20.000 \u20ac%22,%22checked%22:0,%22dragID%22:0},{%22dragID%22:1,%22value%22:%22upto 25.000 \u20ac%22,%22checked%22:0},{%22dragID%22:2,%22value%22:%22upto 35.000 \u20ac%22,%22checked%22:0},{%22value%22:%2235.000 \u20ac +%22,%22checked%22:0,%22dragID%22:3}%93&#8243; fullwidth_field=&#8221;on&#8221; _builder_version=&#8221;4.27.4&#8243; _module_preset=&#8221;default&#8221; global_colors_info=&#8221;{}&#8221;][\/et_pb_contact_field][et_pb_contact_field field_id=&#8221;Field_5&#8243; field_title=&#8221;desired date&#8221; fullwidth_field=&#8221;on&#8221; _builder_version=&#8221;4.27.4&#8243; _module_preset=&#8221;default&#8221; global_colors_info=&#8221;{}&#8221;][\/et_pb_contact_field][\/et_pb_contact_form][\/et_pb_column][\/et_pb_row][\/et_pb_section]<\/p>\n","protected":false},"excerpt":{"rendered":"<p>Dear bridal couple, Congratulations on your engagement! I&#8217;m so happy for you both! Are you planning to celebrate your wedding in Spain and realise your dream of a beach wedding? Fantastic! You&#8217;ve already taken the first step. Now you just need someone on site to help you with the planning. I am your wedding planner [&hellip;]<\/p>\n","protected":false},"author":1,"featured_media":20141,"parent":0,"menu_order":0,"comment_status":"closed","ping_status":"closed","template":"","meta":{"_et_pb_use_builder":"on","_et_pb_old_content":"<p><span style=\"font-size: 17px !important; --tcb-applied-color: rgb(0, 0, 0) !important; color: rgb(0, 0, 0) !important;\">Liebes Brautpaar,<\/span><\/p><p><span style=\"color: rgb(0, 0, 0) !important;\"><span style=\"--tcb-applied-color: rgb(0, 0, 0) !important;\"><span style=\"font-size: 17px !important;\">Herzlichen Gl\u00fcckwunsch zur Verlobung! Ich freue mich f\u00fcr euch beide! Plant ihr eure Hochzeit in Spanien zu feiern und euren Traum von einer Strandhochzeit zu verwirklichen? Fantastisch! Der erste Schritt ist bereits getan. Jetzt ben\u00f6tigt ihr nur noch jemanden vor Ort, der euch bei der Planung unterst\u00fctzt.<\/span><\/span><\/span><\/p><p><span style=\"color: rgb(0, 0, 0) !important;\"><span style=\"--tcb-applied-color: rgb(0, 0, 0) !important;\"><span style=\"font-size: 17px !important;\">Ich bin euer Hochzeitsplaner hier in Spanien, genauer gesagt in Almeria, im wundersch\u00f6nen S\u00fcden Andalusiens. Jedes Jahr plane ich h\u00f6chstens 20 exklusive und \u00e4u\u00dferst pers\u00f6nliche Hochzeiten. Daher sind bestimmte Termine besonders begehrt und schnell vergriffen.<\/span><\/span><\/span><\/p><p><span style=\"font-size: 17px !important; --tcb-applied-color: rgb(0, 0, 0) !important; color: rgb(0, 0, 0) !important;\">Um uns kennenzulernen, f\u00fcllt einfach das Formular auf dieser Seite aus. So kann ich eure W\u00fcnsche genauer kennenlernen und alle eure Fragen ausf\u00fchrlich beantworten.<\/span><\/p><p style=\"\">Es gr\u00fc\u00dfen Sonne, Sand und Meer und<a href=\"https:\/\/ambrosia-wedding.com\/hochzeitsplaner-in-spanien\/\" style=\"outline: none;\">Anna Ambrosiewicz<\/a>Hochzeitsplaner in Spanien und die Expertin f\u00fcr Strandhochzeiten mit WOW Effekt.<\/p><p style=\"text-align: center;\">Traut euch, den Rest machen wir<\/p>","_et_gb_content_width":"","footnotes":""},"class_list":["post-20142","page","type-page","status-publish","has-post-thumbnail","hentry"],"yoast_head":"<!-- This site is optimized with the Yoast SEO Premium plugin v27.1 (Yoast SEO v27.4) - https:\/\/yoast.com\/product\/yoast-seo-premium-wordpress\/ -->\n<title>Weddingplanner in Spain for Beach Weddings<\/title>\n<meta name=\"description\" content=\"Discover how easy it is to get married with a Weddingplanner in Spain. Contact our wedding planner in Spain for stress-free planning.\" \/>\n<meta name=\"robots\" content=\"index, follow, max-snippet:-1, max-image-preview:large, max-video-preview:-1\" \/>\n<link rel=\"canonical\" href=\"https:\/\/ambrosia-wedding.com\/en\/contact-hochzeitsplanner-in-spain\/\" \/>\n<meta property=\"og:locale\" content=\"en_US\" \/>\n<meta property=\"og:type\" content=\"article\" \/>\n<meta property=\"og:title\" content=\"Contact Weddingplanner in Spain\" \/>\n<meta property=\"og:description\" content=\"Discover how easy it is to get married with a Weddingplanner in Spain. Contact our wedding planner in Spain for stress-free planning.\" \/>\n<meta property=\"og:url\" content=\"https:\/\/ambrosia-wedding.com\/en\/contact-hochzeitsplanner-in-spain\/\" \/>\n<meta property=\"og:site_name\" content=\"Ambrosia Wedding Planner in Spanien\" \/>\n<meta property=\"article:publisher\" content=\"http:\/\/www.facebook.com\/ambrosiawedding\" \/>\n<meta property=\"article:modified_time\" content=\"2025-07-09T10:54:22+00:00\" \/>\n<meta property=\"og:image\" content=\"https:\/\/ambrosia-wedding.com\/wp-content\/uploads\/2025\/07\/anna-ambrosia-wedding-scaled.jpg\" \/>\n\t<meta property=\"og:image:width\" content=\"1707\" \/>\n\t<meta property=\"og:image:height\" content=\"2560\" \/>\n\t<meta property=\"og:image:type\" content=\"image\/jpeg\" \/>\n<meta name=\"twitter:card\" content=\"summary_large_image\" \/>\n<meta name=\"twitter:site\" content=\"@ambrosiawedding\" \/>\n<meta name=\"twitter:label1\" content=\"Est. reading time\" \/>\n\t<meta name=\"twitter:data1\" content=\"2 minutes\" \/>\n<script type=\"application\/ld+json\" class=\"yoast-schema-graph\">{\"@context\":\"https:\\\/\\\/schema.org\",\"@graph\":[{\"@type\":\"WebPage\",\"@id\":\"https:\\\/\\\/ambrosia-wedding.com\\\/en\\\/contact-hochzeitsplanner-in-spain\\\/\",\"url\":\"https:\\\/\\\/ambrosia-wedding.com\\\/en\\\/contact-hochzeitsplanner-in-spain\\\/\",\"name\":\"Weddingplanner in Spain for Beach Weddings\",\"isPartOf\":{\"@id\":\"https:\\\/\\\/ambrosia-wedding.com\\\/en\\\/#website\"},\"primaryImageOfPage\":{\"@id\":\"https:\\\/\\\/ambrosia-wedding.com\\\/en\\\/contact-hochzeitsplanner-in-spain\\\/#primaryimage\"},\"image\":{\"@id\":\"https:\\\/\\\/ambrosia-wedding.com\\\/en\\\/contact-hochzeitsplanner-in-spain\\\/#primaryimage\"},\"thumbnailUrl\":\"https:\\\/\\\/ambrosia-wedding.com\\\/wp-content\\\/uploads\\\/2025\\\/07\\\/anna-ambrosia-wedding-scaled.jpg\",\"datePublished\":\"2023-03-21T08:47:09+00:00\",\"dateModified\":\"2025-07-09T10:54:22+00:00\",\"description\":\"Discover how easy it is to get married with a Weddingplanner in Spain. Contact our wedding planner in Spain for stress-free planning.\",\"breadcrumb\":{\"@id\":\"https:\\\/\\\/ambrosia-wedding.com\\\/en\\\/contact-hochzeitsplanner-in-spain\\\/#breadcrumb\"},\"inLanguage\":\"en-US\",\"potentialAction\":[{\"@type\":\"ReadAction\",\"target\":[\"https:\\\/\\\/ambrosia-wedding.com\\\/en\\\/contact-hochzeitsplanner-in-spain\\\/\"]}]},{\"@type\":\"ImageObject\",\"inLanguage\":\"en-US\",\"@id\":\"https:\\\/\\\/ambrosia-wedding.com\\\/en\\\/contact-hochzeitsplanner-in-spain\\\/#primaryimage\",\"url\":\"https:\\\/\\\/ambrosia-wedding.com\\\/wp-content\\\/uploads\\\/2025\\\/07\\\/anna-ambrosia-wedding-scaled.jpg\",\"contentUrl\":\"https:\\\/\\\/ambrosia-wedding.com\\\/wp-content\\\/uploads\\\/2025\\\/07\\\/anna-ambrosia-wedding-scaled.jpg\",\"width\":1707,\"height\":2560,\"caption\":\"anna ambrosia weddingplanner in spain\"},{\"@type\":\"BreadcrumbList\",\"@id\":\"https:\\\/\\\/ambrosia-wedding.com\\\/en\\\/contact-hochzeitsplanner-in-spain\\\/#breadcrumb\",\"itemListElement\":[{\"@type\":\"ListItem\",\"position\":1,\"name\":\"Startseite\",\"item\":\"https:\\\/\\\/ambrosia-wedding.com\\\/en\\\/\"},{\"@type\":\"ListItem\",\"position\":2,\"name\":\"Contact Weddingplanner in Spain\"}]},{\"@type\":\"WebSite\",\"@id\":\"https:\\\/\\\/ambrosia-wedding.com\\\/en\\\/#website\",\"url\":\"https:\\\/\\\/ambrosia-wedding.com\\\/en\\\/\",\"name\":\"Ambrosia Wedding - Wedding Planner & Designer\",\"description\":\"Anna Ambrosiewicz\",\"publisher\":{\"@id\":\"https:\\\/\\\/ambrosia-wedding.com\\\/en\\\/#organization\"},\"potentialAction\":[{\"@type\":\"SearchAction\",\"target\":{\"@type\":\"EntryPoint\",\"urlTemplate\":\"https:\\\/\\\/ambrosia-wedding.com\\\/en\\\/?s={search_term_string}\"},\"query-input\":{\"@type\":\"PropertyValueSpecification\",\"valueRequired\":true,\"valueName\":\"search_term_string\"}}],\"inLanguage\":\"en-US\"},{\"@type\":\"Organization\",\"@id\":\"https:\\\/\\\/ambrosia-wedding.com\\\/en\\\/#organization\",\"name\":\"Ambrosia Wedding\",\"url\":\"https:\\\/\\\/ambrosia-wedding.com\\\/en\\\/\",\"logo\":{\"@type\":\"ImageObject\",\"inLanguage\":\"en-US\",\"@id\":\"https:\\\/\\\/ambrosia-wedding.com\\\/en\\\/#\\\/schema\\\/logo\\\/image\\\/\",\"url\":\"\",\"contentUrl\":\"\",\"caption\":\"Ambrosia Wedding\"},\"image\":{\"@id\":\"https:\\\/\\\/ambrosia-wedding.com\\\/en\\\/#\\\/schema\\\/logo\\\/image\\\/\"},\"sameAs\":[\"http:\\\/\\\/www.facebook.com\\\/ambrosiawedding\",\"https:\\\/\\\/x.com\\\/ambrosiawedding\"]}]}<\/script>\n<!-- \/ Yoast SEO Premium plugin. -->","yoast_head_json":{"title":"Weddingplanner in Spain for Beach Weddings","description":"Discover how easy it is to get married with a Weddingplanner in Spain. Contact our wedding planner in Spain for stress-free planning.","robots":{"index":"index","follow":"follow","max-snippet":"max-snippet:-1","max-image-preview":"max-image-preview:large","max-video-preview":"max-video-preview:-1"},"canonical":"https:\/\/ambrosia-wedding.com\/en\/contact-hochzeitsplanner-in-spain\/","og_locale":"en_US","og_type":"article","og_title":"Contact Weddingplanner in Spain","og_description":"Discover how easy it is to get married with a Weddingplanner in Spain. Contact our wedding planner in Spain for stress-free planning.","og_url":"https:\/\/ambrosia-wedding.com\/en\/contact-hochzeitsplanner-in-spain\/","og_site_name":"Ambrosia Wedding Planner in Spanien","article_publisher":"http:\/\/www.facebook.com\/ambrosiawedding","article_modified_time":"2025-07-09T10:54:22+00:00","og_image":[{"width":1707,"height":2560,"url":"https:\/\/ambrosia-wedding.com\/wp-content\/uploads\/2025\/07\/anna-ambrosia-wedding-scaled.jpg","type":"image\/jpeg"}],"twitter_card":"summary_large_image","twitter_site":"@ambrosiawedding","twitter_misc":{"Est. reading time":"2 minutes"},"schema":{"@context":"https:\/\/schema.org","@graph":[{"@type":"WebPage","@id":"https:\/\/ambrosia-wedding.com\/en\/contact-hochzeitsplanner-in-spain\/","url":"https:\/\/ambrosia-wedding.com\/en\/contact-hochzeitsplanner-in-spain\/","name":"Weddingplanner in Spain for Beach Weddings","isPartOf":{"@id":"https:\/\/ambrosia-wedding.com\/en\/#website"},"primaryImageOfPage":{"@id":"https:\/\/ambrosia-wedding.com\/en\/contact-hochzeitsplanner-in-spain\/#primaryimage"},"image":{"@id":"https:\/\/ambrosia-wedding.com\/en\/contact-hochzeitsplanner-in-spain\/#primaryimage"},"thumbnailUrl":"https:\/\/ambrosia-wedding.com\/wp-content\/uploads\/2025\/07\/anna-ambrosia-wedding-scaled.jpg","datePublished":"2023-03-21T08:47:09+00:00","dateModified":"2025-07-09T10:54:22+00:00","description":"Discover how easy it is to get married with a Weddingplanner in Spain. Contact our wedding planner in Spain for stress-free planning.","breadcrumb":{"@id":"https:\/\/ambrosia-wedding.com\/en\/contact-hochzeitsplanner-in-spain\/#breadcrumb"},"inLanguage":"en-US","potentialAction":[{"@type":"ReadAction","target":["https:\/\/ambrosia-wedding.com\/en\/contact-hochzeitsplanner-in-spain\/"]}]},{"@type":"ImageObject","inLanguage":"en-US","@id":"https:\/\/ambrosia-wedding.com\/en\/contact-hochzeitsplanner-in-spain\/#primaryimage","url":"https:\/\/ambrosia-wedding.com\/wp-content\/uploads\/2025\/07\/anna-ambrosia-wedding-scaled.jpg","contentUrl":"https:\/\/ambrosia-wedding.com\/wp-content\/uploads\/2025\/07\/anna-ambrosia-wedding-scaled.jpg","width":1707,"height":2560,"caption":"anna ambrosia weddingplanner in spain"},{"@type":"BreadcrumbList","@id":"https:\/\/ambrosia-wedding.com\/en\/contact-hochzeitsplanner-in-spain\/#breadcrumb","itemListElement":[{"@type":"ListItem","position":1,"name":"Startseite","item":"https:\/\/ambrosia-wedding.com\/en\/"},{"@type":"ListItem","position":2,"name":"Contact Weddingplanner in Spain"}]},{"@type":"WebSite","@id":"https:\/\/ambrosia-wedding.com\/en\/#website","url":"https:\/\/ambrosia-wedding.com\/en\/","name":"Ambrosia Wedding - Wedding Planner & Designer","description":"Anna Ambrosiewicz","publisher":{"@id":"https:\/\/ambrosia-wedding.com\/en\/#organization"},"potentialAction":[{"@type":"SearchAction","target":{"@type":"EntryPoint","urlTemplate":"https:\/\/ambrosia-wedding.com\/en\/?s={search_term_string}"},"query-input":{"@type":"PropertyValueSpecification","valueRequired":true,"valueName":"search_term_string"}}],"inLanguage":"en-US"},{"@type":"Organization","@id":"https:\/\/ambrosia-wedding.com\/en\/#organization","name":"Ambrosia Wedding","url":"https:\/\/ambrosia-wedding.com\/en\/","logo":{"@type":"ImageObject","inLanguage":"en-US","@id":"https:\/\/ambrosia-wedding.com\/en\/#\/schema\/logo\/image\/","url":"","contentUrl":"","caption":"Ambrosia Wedding"},"image":{"@id":"https:\/\/ambrosia-wedding.com\/en\/#\/schema\/logo\/image\/"},"sameAs":["http:\/\/www.facebook.com\/ambrosiawedding","https:\/\/x.com\/ambrosiawedding"]}]}},"_links":{"self":[{"href":"https:\/\/ambrosia-wedding.com\/en\/wp-json\/wp\/v2\/pages\/20142","targetHints":{"allow":["GET"]}}],"collection":[{"href":"https:\/\/ambrosia-wedding.com\/en\/wp-json\/wp\/v2\/pages"}],"about":[{"href":"https:\/\/ambrosia-wedding.com\/en\/wp-json\/wp\/v2\/types\/page"}],"author":[{"embeddable":true,"href":"https:\/\/ambrosia-wedding.com\/en\/wp-json\/wp\/v2\/users\/1"}],"replies":[{"embeddable":true,"href":"https:\/\/ambrosia-wedding.com\/en\/wp-json\/wp\/v2\/comments?post=20142"}],"version-history":[{"count":6,"href":"https:\/\/ambrosia-wedding.com\/en\/wp-json\/wp\/v2\/pages\/20142\/revisions"}],"predecessor-version":[{"id":20168,"href":"https:\/\/ambrosia-wedding.com\/en\/wp-json\/wp\/v2\/pages\/20142\/revisions\/20168"}],"wp:featuredmedia":[{"embeddable":true,"href":"https:\/\/ambrosia-wedding.com\/en\/wp-json\/wp\/v2\/media\/20141"}],"wp:attachment":[{"href":"https:\/\/ambrosia-wedding.com\/en\/wp-json\/wp\/v2\/media?parent=20142"}],"curies":[{"name":"wp","href":"https:\/\/api.w.org\/{rel}","templated":true}]}}