{"id":12038,"date":"2020-01-05T14:11:49","date_gmt":"2020-01-05T12:11:49","guid":{"rendered":"https:\/\/www.ambrosia-wedding.com\/?page_id=12038"},"modified":"2025-07-09T12:28:27","modified_gmt":"2025-07-09T10:28:27","slug":"weddingplanner-in-spain","status":"publish","type":"page","link":"https:\/\/ambrosia-wedding.com\/en\/weddingplanner-in-spain\/","title":{"rendered":"Wedding Planner in Spain"},"content":{"rendered":"<p>[et_pb_section fb_built=&#8221;1&#8243; _builder_version=&#8221;4.16&#8243; global_colors_info=&#8221;{}&#8221;][et_pb_row _builder_version=&#8221;4.16&#8243; global_colors_info=&#8221;{}&#8221;][et_pb_column type=&#8221;4_4&#8243; _builder_version=&#8221;4.16&#8243; global_colors_info=&#8221;{}&#8221;][et_pb_text _builder_version=&#8221;4.27.4&#8243; text_font_size=&#8221;20px&#8221; hover_enabled=&#8221;0&#8243; global_colors_info=&#8221;{}&#8221; sticky_enabled=&#8221;0&#8243;]<\/p>\n<p>As a weddingplanner in Spain, I will organise your dream wedding on the beach &#8211; so that you can enjoy your most beautiful day relaxed and carefree with family and friends.<\/p>\n<p>[\/et_pb_text][\/et_pb_column][\/et_pb_row][et_pb_row column_structure=&#8221;1_2,1_2&#8243; _builder_version=&#8221;4.16&#8243; global_colors_info=&#8221;{}&#8221;][et_pb_column type=&#8221;1_2&#8243; _builder_version=&#8221;4.16&#8243; global_colors_info=&#8221;{}&#8221;][et_pb_image src=&#8221;https:\/\/ambrosia-wedding.com\/wp-content\/uploads\/2024\/07\/download.gif&#8221; alt=&#8221;Hochzeitsplaner in Spanien &#8221; title_text=&#8221;download&#8221; _builder_version=&#8221;4.16&#8243; global_colors_info=&#8221;{}&#8221;][\/et_pb_image][\/et_pb_column][et_pb_column type=&#8221;1_2&#8243; _builder_version=&#8221;4.16&#8243; global_colors_info=&#8221;{}&#8221;][et_pb_text _builder_version=&#8221;4.27.4&#8243; global_colors_info=&#8221;{}&#8221;]<\/p>\n<p>In Andalusia, there are still dreamy spots on beautiful beaches, perfect for a romantic free wedding ceremony by the sea. And right next door are typical Andalusian fincas for an exuberant wedding celebration. As a wedding planner in Spain, I look forward every day to these dreamlike conditions for unforgettable weddings.<\/p>\n<p>My team of professional and experienced wedding service providers, who are just as in love with weddings as I am, will organise exactly THE personal and romantic wedding for you in Spain that you have always dreamed of. You decide: Should it be a romantic wedding on the beach just the two of you or in the company of your families and friends, an exuberant wedding celebration in a typical Andalusian finca or a wonderful after-wedding shoot on a dream beach in the Cabo de Gata Natural Park.<\/p>\n<p>I am Anna Ambrosiewicz, a successful mixture of Polish diligence, German organisational talent and Spanish way of life. I was born in Poland and grew up in Germany. In Cologne, I spent more than ten years supporting many companies in the field of marketing and advertising.<\/p>\n<p>Even as a little girl, I loved weddings and after graduating as an event manager, I dared to follow in Jennifer L\u00f3pez&#8217;s footsteps as a wedding planner and founded AMBROSIA WEDDING. I have been working as a wedding planner in Spain since 2012. I live with my partner and my son Pablo in the sunniest part of Spain, in the tapas city of Almeria. Here I plan dream weddings and get married every time. I love to look into the beaming eyes of the bride and groom and their guests when the ceremony starts. My heart leaps when I hear lots of \u2018ah&#8217;s\u2019 and \u2018oh&#8217;s\u2019 and everyone is excited about the individual wedding concept that runs like a red thread through the entire decoration. And if the guests&#8217; voices are missing the day after, then the party was a success.<\/p>\n<p>[\/et_pb_text][et_pb_cta button_url=&#8221;https:\/\/ambrosia-wedding.com\/kontakt-hochzeitsplaner-in-spanien\/&#8221; button_text=&#8221;contact Anna &#8221; _builder_version=&#8221;4.27.4&#8243; background_color=&#8221;rgba(0,0,0,0)&#8221; custom_button=&#8221;on&#8221; button_text_color=&#8221;#d6ac56&#8243; button_border_color=&#8221;#d6ac56&#8243; button_use_icon=&#8221;off&#8221; global_colors_info=&#8221;{}&#8221;][\/et_pb_cta][\/et_pb_column][\/et_pb_row][et_pb_row _builder_version=&#8221;4.16&#8243; _module_preset=&#8221;default&#8221; global_colors_info=&#8221;{}&#8221;][et_pb_column type=&#8221;4_4&#8243; _builder_version=&#8221;4.16&#8243; _module_preset=&#8221;default&#8221; global_colors_info=&#8221;{}&#8221;][et_pb_video src_webm=&#8221;https:\/\/ambrosia-wedding.com\/wp-content\/uploads\/2021\/12\/Hochzeitsplaner-Spanien-AMBROSIA-WEDDING-Anna-Ambrosiewicz.mp4&#8243; image_src=&#8221;https:\/\/ambrosia-wedding.com\/wp-content\/uploads\/2021\/12\/ambrosiawedding-anna-ambrosiewicz.jpg&#8221; thumbnail_overlay_color=&#8221;rgba(0,0,0,0.6)&#8221; _builder_version=&#8221;4.16&#8243; _module_preset=&#8221;default&#8221; global_colors_info=&#8221;{}&#8221;][\/et_pb_video][\/et_pb_column][\/et_pb_row][et_pb_row _builder_version=&#8221;4.16&#8243; global_colors_info=&#8221;{}&#8221;][et_pb_column type=&#8221;4_4&#8243; _builder_version=&#8221;4.16&#8243; global_colors_info=&#8221;{}&#8221;][et_pb_text _builder_version=&#8221;4.27.4&#8243; text_font_size=&#8221;20px&#8221; global_colors_info=&#8221;{}&#8221;]<\/p>\n<p>&#8220;I love designing and realising new, individual wedding and decoration concepts. And when the bride and groom are beaming at the end, then I know I&#8217;ve done everything right as a wedding planner.&#8221;<\/p>\n<p>[\/et_pb_text][\/et_pb_column][\/et_pb_row][et_pb_row _builder_version=&#8221;4.16&#8243; global_colors_info=&#8221;{}&#8221;][et_pb_column type=&#8221;4_4&#8243; _builder_version=&#8221;4.16&#8243; global_colors_info=&#8221;{}&#8221;][et_pb_testimonial author=&#8221;Vanessa &#038; Bj\u00f6rn&#8221; portrait_url=&#8221;https:\/\/ambrosia-wedding.com\/wp-content\/uploads\/2019\/11\/brautpaar-vb-scaled.jpg&#8221; _builder_version=&#8221;4.27.4&#8243; global_colors_info=&#8221;{}&#8221;]<\/p>\n<p>The wedding ceremony was particularly close to our hearts. We would like to take this opportunity to thank Marit. She really did such a beautiful job. She touched us emotionally and gave a wonderful personal speech. The guitarist&#8217;s music and the small details at the ceremony venue were magical. We also found the built-in ritual very touching, where our guests were able to write down their wishes once again. We were also very touched by the speeches of our fathers, that one of my closest friends was connected via Skype and we really enjoyed the dance video of our family and friends.<\/p>\n<p>[\/et_pb_testimonial][\/et_pb_column][\/et_pb_row][\/et_pb_section]<\/p>\n","protected":false},"excerpt":{"rendered":"<p>As a weddingplanner in Spain, I will organise your dream wedding on the beach &#8211; so that you can enjoy your most beautiful day relaxed and carefree with family and friends.In Andalusia, there are still dreamy spots on beautiful beaches, perfect for a romantic free wedding ceremony by the sea. And right next door are [&hellip;]<\/p>\n","protected":false},"author":1,"featured_media":20141,"parent":0,"menu_order":0,"comment_status":"closed","ping_status":"closed","template":"","meta":{"_et_pb_use_builder":"on","_et_pb_old_content":"<p>[et_pb_section fb_built=\"1\" _builder_version=\"4.0.9\"][et_pb_row _builder_version=\"4.0.9\"][et_pb_column type=\"4_4\" _builder_version=\"4.0.9\"][et_pb_text _builder_version=\"4.0.9\" text_font_size=\"20px\"]<\/p><p class=\"p1\"><span class=\"s1\">\u201cAls Hochzeitsplaner in Spanien organisiere und gestalte ich Deine Traumhochzeit am Strand, damit Du entspannt und ausgelassen mit Euren Freunden den sch\u00f6nsten Tag in Eurem Leben feiern k\u00f6nnt.\u201d<\/span><\/p><p>[\/et_pb_text][\/et_pb_column][\/et_pb_row][et_pb_row column_structure=\"1_2,1_2\" _builder_version=\"4.0.9\"][et_pb_column type=\"1_2\" _builder_version=\"4.0.9\"][et_pb_image src=\"https:\/\/ambrosia-wedding.com\/wp-content\/uploads\/2019\/09\/anna-ambrosiewicz.jpg\" alt=\"Hochzeitsplaner in Spanien \" title_text=\"Hochzeitsplaner in Spanien \/ Ambrosia Wedding\" _builder_version=\"4.0.9\"][\/et_pb_image][\/et_pb_column][et_pb_column type=\"1_2\" _builder_version=\"4.0.9\"][et_pb_text _builder_version=\"4.0.9\"]<\/p><p class=\"p1\"><span class=\"s1\">In Andalusien gibt es noch traumhafte Pl\u00e4tze an wundersch\u00f6nen Str\u00e4nden, wie geschaffen f\u00fcr eine romantische freie Trauung am Meer. Und gleich nebenan liegen typisch andalusische Fincas f\u00fcr die ausgelassene Hochzeitsfeier. Als Hochzeitsplaner in Spanien freue ich mich jeden Tag \u00fcber diese traumhaften Voraussetzungen f\u00fcr unvergessliche Hochzeiten.<\/span><\/p><p class=\"p1\"><span class=\"s1\">Mein Team aus professionellen und erfahrenen Hochzeitsdienstleistern, die genauso hochzeitsverliebt sind wie ich, organisieren f\u00fcr Euch in Spanien genau DIE pers\u00f6nliche und romantische Hochzeit, von der Du schon immer getr\u00e4umt hast. Du entscheidest: Soll es eine romantische <a href=\"https:\/\/ambrosia-wedding.com\/hochzeiten-am-strand\/\">Hochzeit am Strand<\/a> nur zur zweit oder in Begleitung Eurer Familien und Freunde sein, eine ausgelassene Hochzeitsfeier in einer typischen andalusischen Finca oder ein wundersch\u00f6nes After-Wedding-Shooting an einem Traumstrand des Naturparks Cabo de Gata.<\/span><\/p><p class=\"p1\"><span class=\"s1\">Ich bin Anna Ambrosiewicz, eine gelungene Mischung aus polnischem Flei\u00df, deutschem Organisationstalent und spanischer Lebensart. Geboren bin ich in Polen, aufgewachsen in Deutschland.\u00a0In K\u00f6ln\u00a0habe ich zun\u00e4chst mehr als zehn Jahre viele Unternehmen im Bereich Marketing und Werbung unterst\u00fctzt.<\/span><\/p><p class=\"p1\"><span class=\"s1\">Schon als kleines M\u00e4dchen liebte ich Hochzeiten und nach meinem Studium zur Eventmanagerin traute ich mich in die Hochzeitsplaner-Fu\u00dfstapfen von Jennifer L\u00f3pez und gr\u00fcndete AMBROSIA WEDDING. Seit 2012 arbeite ich als Hochzeitsplaner in Spanien. Dabei lebe ich mit meinem Lebenspartner und meinem Sohn Pablo im sonnigsten Teil von Spanien, in der Tapas-Stadt Almeria. Hier plane ich Traumhochzeiten und\u00a0heirate jedes Mal wieder mit. Ich liebe es in die strahlenden Augen der Brautpaare und ihrer G\u00e4ste zu schauen, wenn die Zeremonie losgeht. Mein Herz springt, wenn ich viele \u201eAh\u2018s\u201c und \u201eOh\u2018s\u201c h\u00f6re und alle vom individuellen Hochzeitskonzept begeistert sind, das sich wie ein roter Faden durch die komplette Dekoration zieht. Und wenn am Tag danach den G\u00e4sten die Stimme fehlt, dann war die Party gelungen.<\/span><\/p><p>[\/et_pb_text][et_pb_cta button_url=\"https:\/\/ambrosia-wedding.com\/kontakt-hochzeitsplaner-in-spanien\/\" button_text=\"Anna kontaktieren\" _builder_version=\"4.0.9\" hover_enabled=\"0\" custom_button=\"on\" button_bg_color=\"#e02b20\" button_bg_enable_color=\"on\" background_color=\"rgba(0,0,0,0)\"][\/et_pb_cta][\/et_pb_column][\/et_pb_row][et_pb_row _builder_version=\"4.0.9\"][et_pb_column type=\"4_4\" _builder_version=\"4.0.9\"][et_pb_text _builder_version=\"4.0.9\" text_font_size=\"26px\"]<\/p><p class=\"p1\"><span class=\"s1\">\u201eIch liebe es neue, individuelle Hochzeits- und Dekorationskonzepte zu entwerfen und umzusetzen. Und wenn am Ende das Brautpaar strahlt, dann wei\u00df ich, ich habe als Hochzeitsplaner alles richtig gemacht.\u201c<\/span><\/p><p>[\/et_pb_text][\/et_pb_column][\/et_pb_row][et_pb_row _builder_version=\"4.0.9\"][et_pb_column type=\"4_4\" _builder_version=\"4.0.9\"][et_pb_testimonial author=\"Vanessa & Bj\u00f6rn\" portrait_url=\"https:\/\/ambrosia-wedding.com\/wp-content\/uploads\/2019\/11\/brautpaar-vb-scaled.jpg\" _builder_version=\"4.0.9\"]<\/p><p>Besonders ans Herz ist uns die Trauung gegangen. Wir m\u00f6chten an dieser Stelle Marit unseren Dank aussprechen. Sie hat das wirklich so sch\u00f6n gemacht. Sie hat uns emotional ber\u00fchrt und eine wundervolle pers\u00f6nliche Rede gehalten. Die Musik des Gitarristen sowie die kleinen Details am Zeremonieort haben eine Magie ausgestrahlt. Zu dem fanden wir das eingebaute Ritual sehr ber\u00fchrend, dass unsere G\u00e4ste uns noch einmal ihre W\u00fcnsche aufschreiben konnten. Zu dem waren wir sehr ber\u00fchrt von den Reden unserer V\u00e4ter, das eine meiner engsten Freundinnen per Skype zugeschaltet wurde und das Tanzvideo unserer Familie und Freunde hat uns sehr gefallen.<\/p><p>[\/et_pb_testimonial][\/et_pb_column][\/et_pb_row][\/et_pb_section]<\/p>","_et_gb_content_width":"","footnotes":""},"class_list":["post-12038","page","type-page","status-publish","has-post-thumbnail","hentry"],"yoast_head":"<!-- This site is optimized with the Yoast SEO Premium plugin v27.4 (Yoast SEO v27.5) - https:\/\/yoast.com\/product\/yoast-seo-premium-wordpress\/ -->\n<title>Weddingplanner in Spain for your dreamwedding<\/title>\n<meta name=\"description\" content=\"Experience your perfect wedding with a professional wedding planner in Spain who makes beach celebrations unforgettable.\" \/>\n<meta name=\"robots\" content=\"index, follow, max-snippet:-1, max-image-preview:large, max-video-preview:-1\" \/>\n<link rel=\"canonical\" href=\"https:\/\/ambrosia-wedding.com\/en\/weddingplanner-in-spain\/\" \/>\n<meta property=\"og:locale\" content=\"en_US\" \/>\n<meta property=\"og:type\" content=\"article\" \/>\n<meta property=\"og:title\" content=\"Wedding Planner in Spain\" \/>\n<meta property=\"og:description\" content=\"Experience your perfect wedding with a professional wedding planner in Spain who makes beach celebrations unforgettable.\" \/>\n<meta property=\"og:url\" content=\"https:\/\/ambrosia-wedding.com\/en\/weddingplanner-in-spain\/\" \/>\n<meta property=\"og:site_name\" content=\"Ambrosia Wedding Planner in Spanien\" \/>\n<meta property=\"article:publisher\" content=\"http:\/\/www.facebook.com\/ambrosiawedding\" \/>\n<meta property=\"article:modified_time\" content=\"2025-07-09T10:28:27+00:00\" \/>\n<meta property=\"og:image\" content=\"https:\/\/ambrosia-wedding.com\/wp-content\/uploads\/2025\/07\/anna-ambrosia-wedding-scaled.jpg\" \/>\n\t<meta property=\"og:image:width\" content=\"1707\" \/>\n\t<meta property=\"og:image:height\" content=\"2560\" \/>\n\t<meta property=\"og:image:type\" content=\"image\/jpeg\" \/>\n<meta name=\"twitter:card\" content=\"summary_large_image\" \/>\n<meta name=\"twitter:site\" content=\"@ambrosiawedding\" \/>\n<meta name=\"twitter:label1\" content=\"Est. reading time\" \/>\n\t<meta name=\"twitter:data1\" content=\"4 minutes\" \/>\n<script type=\"application\/ld+json\" class=\"yoast-schema-graph\">{\"@context\":\"https:\\\/\\\/schema.org\",\"@graph\":[{\"@type\":\"WebPage\",\"@id\":\"https:\\\/\\\/ambrosia-wedding.com\\\/en\\\/weddingplanner-in-spain\\\/\",\"url\":\"https:\\\/\\\/ambrosia-wedding.com\\\/en\\\/weddingplanner-in-spain\\\/\",\"name\":\"Weddingplanner in Spain for your dreamwedding\",\"isPartOf\":{\"@id\":\"https:\\\/\\\/ambrosia-wedding.com\\\/en\\\/#website\"},\"primaryImageOfPage\":{\"@id\":\"https:\\\/\\\/ambrosia-wedding.com\\\/en\\\/weddingplanner-in-spain\\\/#primaryimage\"},\"image\":{\"@id\":\"https:\\\/\\\/ambrosia-wedding.com\\\/en\\\/weddingplanner-in-spain\\\/#primaryimage\"},\"thumbnailUrl\":\"https:\\\/\\\/ambrosia-wedding.com\\\/wp-content\\\/uploads\\\/2025\\\/07\\\/anna-ambrosia-wedding-scaled.jpg\",\"datePublished\":\"2020-01-05T12:11:49+00:00\",\"dateModified\":\"2025-07-09T10:28:27+00:00\",\"description\":\"Experience your perfect wedding with a professional wedding planner in Spain who makes beach celebrations unforgettable.\",\"breadcrumb\":{\"@id\":\"https:\\\/\\\/ambrosia-wedding.com\\\/en\\\/weddingplanner-in-spain\\\/#breadcrumb\"},\"inLanguage\":\"en-US\",\"potentialAction\":[{\"@type\":\"ReadAction\",\"target\":[\"https:\\\/\\\/ambrosia-wedding.com\\\/en\\\/weddingplanner-in-spain\\\/\"]}]},{\"@type\":\"ImageObject\",\"inLanguage\":\"en-US\",\"@id\":\"https:\\\/\\\/ambrosia-wedding.com\\\/en\\\/weddingplanner-in-spain\\\/#primaryimage\",\"url\":\"https:\\\/\\\/ambrosia-wedding.com\\\/wp-content\\\/uploads\\\/2025\\\/07\\\/anna-ambrosia-wedding-scaled.jpg\",\"contentUrl\":\"https:\\\/\\\/ambrosia-wedding.com\\\/wp-content\\\/uploads\\\/2025\\\/07\\\/anna-ambrosia-wedding-scaled.jpg\",\"width\":1707,\"height\":2560,\"caption\":\"anna ambrosia weddingplanner in spain\"},{\"@type\":\"BreadcrumbList\",\"@id\":\"https:\\\/\\\/ambrosia-wedding.com\\\/en\\\/weddingplanner-in-spain\\\/#breadcrumb\",\"itemListElement\":[{\"@type\":\"ListItem\",\"position\":1,\"name\":\"Startseite\",\"item\":\"https:\\\/\\\/ambrosia-wedding.com\\\/en\\\/\"},{\"@type\":\"ListItem\",\"position\":2,\"name\":\"Wedding Planner in Spain\"}]},{\"@type\":\"WebSite\",\"@id\":\"https:\\\/\\\/ambrosia-wedding.com\\\/en\\\/#website\",\"url\":\"https:\\\/\\\/ambrosia-wedding.com\\\/en\\\/\",\"name\":\"Ambrosia Wedding - Wedding Planner & Designer\",\"description\":\"Anna Ambrosiewicz\",\"publisher\":{\"@id\":\"https:\\\/\\\/ambrosia-wedding.com\\\/en\\\/#organization\"},\"potentialAction\":[{\"@type\":\"SearchAction\",\"target\":{\"@type\":\"EntryPoint\",\"urlTemplate\":\"https:\\\/\\\/ambrosia-wedding.com\\\/en\\\/?s={search_term_string}\"},\"query-input\":{\"@type\":\"PropertyValueSpecification\",\"valueRequired\":true,\"valueName\":\"search_term_string\"}}],\"inLanguage\":\"en-US\"},{\"@type\":\"Organization\",\"@id\":\"https:\\\/\\\/ambrosia-wedding.com\\\/en\\\/#organization\",\"name\":\"Ambrosia Wedding\",\"url\":\"https:\\\/\\\/ambrosia-wedding.com\\\/en\\\/\",\"logo\":{\"@type\":\"ImageObject\",\"inLanguage\":\"en-US\",\"@id\":\"https:\\\/\\\/ambrosia-wedding.com\\\/en\\\/#\\\/schema\\\/logo\\\/image\\\/\",\"url\":\"\",\"contentUrl\":\"\",\"caption\":\"Ambrosia Wedding\"},\"image\":{\"@id\":\"https:\\\/\\\/ambrosia-wedding.com\\\/en\\\/#\\\/schema\\\/logo\\\/image\\\/\"},\"sameAs\":[\"http:\\\/\\\/www.facebook.com\\\/ambrosiawedding\",\"https:\\\/\\\/x.com\\\/ambrosiawedding\"]}]}<\/script>\n<!-- \/ Yoast SEO Premium plugin. -->","yoast_head_json":{"title":"Weddingplanner in Spain for your dreamwedding","description":"Experience your perfect wedding with a professional wedding planner in Spain who makes beach celebrations unforgettable.","robots":{"index":"index","follow":"follow","max-snippet":"max-snippet:-1","max-image-preview":"max-image-preview:large","max-video-preview":"max-video-preview:-1"},"canonical":"https:\/\/ambrosia-wedding.com\/en\/weddingplanner-in-spain\/","og_locale":"en_US","og_type":"article","og_title":"Wedding Planner in Spain","og_description":"Experience your perfect wedding with a professional wedding planner in Spain who makes beach celebrations unforgettable.","og_url":"https:\/\/ambrosia-wedding.com\/en\/weddingplanner-in-spain\/","og_site_name":"Ambrosia Wedding Planner in Spanien","article_publisher":"http:\/\/www.facebook.com\/ambrosiawedding","article_modified_time":"2025-07-09T10:28:27+00:00","og_image":[{"width":1707,"height":2560,"url":"https:\/\/ambrosia-wedding.com\/wp-content\/uploads\/2025\/07\/anna-ambrosia-wedding-scaled.jpg","type":"image\/jpeg"}],"twitter_card":"summary_large_image","twitter_site":"@ambrosiawedding","twitter_misc":{"Est. reading time":"4 minutes"},"schema":{"@context":"https:\/\/schema.org","@graph":[{"@type":"WebPage","@id":"https:\/\/ambrosia-wedding.com\/en\/weddingplanner-in-spain\/","url":"https:\/\/ambrosia-wedding.com\/en\/weddingplanner-in-spain\/","name":"Weddingplanner in Spain for your dreamwedding","isPartOf":{"@id":"https:\/\/ambrosia-wedding.com\/en\/#website"},"primaryImageOfPage":{"@id":"https:\/\/ambrosia-wedding.com\/en\/weddingplanner-in-spain\/#primaryimage"},"image":{"@id":"https:\/\/ambrosia-wedding.com\/en\/weddingplanner-in-spain\/#primaryimage"},"thumbnailUrl":"https:\/\/ambrosia-wedding.com\/wp-content\/uploads\/2025\/07\/anna-ambrosia-wedding-scaled.jpg","datePublished":"2020-01-05T12:11:49+00:00","dateModified":"2025-07-09T10:28:27+00:00","description":"Experience your perfect wedding with a professional wedding planner in Spain who makes beach celebrations unforgettable.","breadcrumb":{"@id":"https:\/\/ambrosia-wedding.com\/en\/weddingplanner-in-spain\/#breadcrumb"},"inLanguage":"en-US","potentialAction":[{"@type":"ReadAction","target":["https:\/\/ambrosia-wedding.com\/en\/weddingplanner-in-spain\/"]}]},{"@type":"ImageObject","inLanguage":"en-US","@id":"https:\/\/ambrosia-wedding.com\/en\/weddingplanner-in-spain\/#primaryimage","url":"https:\/\/ambrosia-wedding.com\/wp-content\/uploads\/2025\/07\/anna-ambrosia-wedding-scaled.jpg","contentUrl":"https:\/\/ambrosia-wedding.com\/wp-content\/uploads\/2025\/07\/anna-ambrosia-wedding-scaled.jpg","width":1707,"height":2560,"caption":"anna ambrosia weddingplanner in spain"},{"@type":"BreadcrumbList","@id":"https:\/\/ambrosia-wedding.com\/en\/weddingplanner-in-spain\/#breadcrumb","itemListElement":[{"@type":"ListItem","position":1,"name":"Startseite","item":"https:\/\/ambrosia-wedding.com\/en\/"},{"@type":"ListItem","position":2,"name":"Wedding Planner in Spain"}]},{"@type":"WebSite","@id":"https:\/\/ambrosia-wedding.com\/en\/#website","url":"https:\/\/ambrosia-wedding.com\/en\/","name":"Ambrosia Wedding - Wedding Planner & Designer","description":"Anna Ambrosiewicz","publisher":{"@id":"https:\/\/ambrosia-wedding.com\/en\/#organization"},"potentialAction":[{"@type":"SearchAction","target":{"@type":"EntryPoint","urlTemplate":"https:\/\/ambrosia-wedding.com\/en\/?s={search_term_string}"},"query-input":{"@type":"PropertyValueSpecification","valueRequired":true,"valueName":"search_term_string"}}],"inLanguage":"en-US"},{"@type":"Organization","@id":"https:\/\/ambrosia-wedding.com\/en\/#organization","name":"Ambrosia Wedding","url":"https:\/\/ambrosia-wedding.com\/en\/","logo":{"@type":"ImageObject","inLanguage":"en-US","@id":"https:\/\/ambrosia-wedding.com\/en\/#\/schema\/logo\/image\/","url":"","contentUrl":"","caption":"Ambrosia Wedding"},"image":{"@id":"https:\/\/ambrosia-wedding.com\/en\/#\/schema\/logo\/image\/"},"sameAs":["http:\/\/www.facebook.com\/ambrosiawedding","https:\/\/x.com\/ambrosiawedding"]}]}},"_links":{"self":[{"href":"https:\/\/ambrosia-wedding.com\/en\/wp-json\/wp\/v2\/pages\/12038","targetHints":{"allow":["GET"]}}],"collection":[{"href":"https:\/\/ambrosia-wedding.com\/en\/wp-json\/wp\/v2\/pages"}],"about":[{"href":"https:\/\/ambrosia-wedding.com\/en\/wp-json\/wp\/v2\/types\/page"}],"author":[{"embeddable":true,"href":"https:\/\/ambrosia-wedding.com\/en\/wp-json\/wp\/v2\/users\/1"}],"replies":[{"embeddable":true,"href":"https:\/\/ambrosia-wedding.com\/en\/wp-json\/wp\/v2\/comments?post=12038"}],"version-history":[{"count":9,"href":"https:\/\/ambrosia-wedding.com\/en\/wp-json\/wp\/v2\/pages\/12038\/revisions"}],"predecessor-version":[{"id":20155,"href":"https:\/\/ambrosia-wedding.com\/en\/wp-json\/wp\/v2\/pages\/12038\/revisions\/20155"}],"wp:featuredmedia":[{"embeddable":true,"href":"https:\/\/ambrosia-wedding.com\/en\/wp-json\/wp\/v2\/media\/20141"}],"wp:attachment":[{"href":"https:\/\/ambrosia-wedding.com\/en\/wp-json\/wp\/v2\/media?parent=12038"}],"curies":[{"name":"wp","href":"https:\/\/api.w.org\/{rel}","templated":true}]}}