{"id":11726,"date":"2019-12-27T17:46:55","date_gmt":"2019-12-27T15:46:55","guid":{"rendered":"https:\/\/www.ambrosia-wedding.com\/?page_id=11726"},"modified":"2020-02-05T15:18:44","modified_gmt":"2020-02-05T13:18:44","slug":"bridal-couples","status":"publish","type":"page","link":"https:\/\/ambrosia-wedding.com\/en\/bridal-couples\/","title":{"rendered":"Beach weddings &#8211; Ambrosia bridal couples"},"content":{"rendered":"<p>[et_pb_section fb_built=&#8221;1&#8243; _builder_version=&#8221;3.22&#8243;][et_pb_row _builder_version=&#8221;3.25&#8243; background_size=&#8221;initial&#8221; background_position=&#8221;top_left&#8221; background_repeat=&#8221;repeat&#8221;][et_pb_column type=&#8221;4_4&#8243; _builder_version=&#8221;3.25&#8243; custom_padding=&#8221;|||&#8221; custom_padding__hover=&#8221;|||&#8221;][et_pb_text _builder_version=&#8221;4.0.9&#8243;]<\/p>\n<h1>Beach weddings &#8211; Our Ambrosia bridal couples<\/h1>\n<p>[\/et_pb_text][et_pb_text _builder_version=&#8221;4.0.9&#8243;]<\/p>\n<p>We have the pleasure to accompany a lot of bridal couples on their way to their beach wedding in Spain. Every wedding is different and each beach wedding is personalized for every bridal couple we work with. The wedding day should be one of your best memories without thinking back to a stressful day, but just to all the joyful moments. Below you can see some of our most beautiful weddings at the beach in Andalusia, Almeria and in the nature park Cabo de Gata. Maybe the next photos we add are of the ones of your wedding day?<\/p>\n<p>[\/et_pb_text][et_pb_blog fullwidth=&#8221;off&#8221; posts_number=&#8221;100&#8243; include_categories=&#8221;114&#8243; show_author=&#8221;off&#8221; show_date=&#8221;off&#8221; show_categories=&#8221;off&#8221; show_pagination=&#8221;off&#8221; _builder_version=&#8221;3.18.9&#8243;][\/et_pb_blog][\/et_pb_column][\/et_pb_row][\/et_pb_section][et_pb_section fb_built=&#8221;1&#8243; _builder_version=&#8221;3.22&#8243;][et_pb_row _builder_version=&#8221;3.25&#8243; background_size=&#8221;initial&#8221; background_position=&#8221;top_left&#8221; background_repeat=&#8221;repeat&#8221;][et_pb_column type=&#8221;4_4&#8243; _builder_version=&#8221;3.25&#8243; custom_padding=&#8221;|||&#8221; custom_padding__hover=&#8221;|||&#8221;][et_pb_divider _builder_version=&#8221;3.18.9&#8243;][\/et_pb_divider][\/et_pb_column][\/et_pb_row][et_pb_row column_structure=&#8221;1_2,1_2&#8243; _builder_version=&#8221;3.25&#8243; background_size=&#8221;initial&#8221; background_position=&#8221;top_left&#8221; background_repeat=&#8221;repeat&#8221;][et_pb_column type=&#8221;1_2&#8243; _builder_version=&#8221;3.25&#8243; custom_padding=&#8221;|||&#8221; custom_padding__hover=&#8221;|||&#8221;][et_pb_image src=&#8221;https:\/\/ambrosia-wedding.com\/wp-content\/uploads\/2017\/10\/checkliste-hochzeit-am-strand-pic.png&#8221; alt=&#8221;Freebie Checkliste Hochzeit am Strand download&#8221; title_text=&#8221;Freebie Checkliste Hochzeit am Strand download&#8221; align_tablet=&#8221;center&#8221; align_phone=&#8221;&#8221; align_last_edited=&#8221;on|desktop&#8221; _builder_version=&#8221;3.29.2&#8243;][\/et_pb_image][\/et_pb_column][et_pb_column type=&#8221;1_2&#8243; _builder_version=&#8221;3.25&#8243; custom_padding=&#8221;|||&#8221; custom_padding__hover=&#8221;|||&#8221;][et_pb_text _builder_version=&#8221;4.0.9&#8243;]<\/p>\n<h2><strong>CHECKLIST<\/strong><br \/>5 Steps to your wedding at the beach<\/h2>\n<p>[\/et_pb_text][et_pb_text _builder_version=&#8221;4.0.9&#8243;]<\/p>\n<p>It is your dream to get married at the beach? A beach wedding is something special and requires very good organization and preparation.\u00a0<br \/>Our checklist will show you the steps you have to undertake to celebrate your wedding at the sea in Spain.\u00a0<\/p>\n<p>[\/et_pb_text][et_pb_button button_url=&#8221;https:\/\/ambrosia-wedding.com\/checkliste-heiraten-am-strand\/&#8221; url_new_window=&#8221;on&#8221; button_text=&#8221;Download Checklist&#8221; admin_label=&#8221;Taste Checkliste HAS Download&#8221; _builder_version=&#8221;4.0.9&#8243;][\/et_pb_button][\/et_pb_column][\/et_pb_row][\/et_pb_section][et_pb_section fb_built=&#8221;1&#8243; admin_label=&#8221;Footer Section EN&#8221; _builder_version=&#8221;4.0.9&#8243; background_color=&#8221;rgba(42,163,161,0.21)&#8221;][et_pb_row column_structure=&#8221;1_3,1_3,1_3&#8243; _builder_version=&#8221;3.25&#8243; background_size=&#8221;initial&#8221; background_position=&#8221;top_left&#8221; background_repeat=&#8221;repeat&#8221;][et_pb_column type=&#8221;1_3&#8243; _builder_version=&#8221;3.25&#8243; custom_padding=&#8221;|||&#8221; custom_padding__hover=&#8221;|||&#8221;][et_pb_text admin_label=&#8221;Footer Infotext EN&#8221; _builder_version=&#8221;4.0.9&#8243;]<strong>AMBROSIA WEDDING<\/strong><\/p>\n<p>We plan and organize individual and exclusive weddings in Andalusia, for bridal couples who want to realize their dream of a wedding with beach and sea.<\/p>\n<p>&nbsp;<br \/>\n[\/et_pb_text][\/et_pb_column][et_pb_column type=&#8221;1_3&#8243; _builder_version=&#8221;3.25&#8243; custom_padding=&#8221;|||&#8221; custom_padding__hover=&#8221;|||&#8221;][et_pb_text admin_label=&#8221;Footer Contact EN&#8221; _builder_version=&#8221;4.0.9&#8243; text_text_color=&#8221;#c184a3&#8243; background_size=&#8221;initial&#8221; background_position=&#8221;top_left&#8221; background_repeat=&#8221;repeat&#8221; max_width_tablet=&#8221;50px&#8221; module_alignment=&#8221;center&#8221; use_border_color=&#8221;off&#8221;]<\/p>\n<p><strong><span style=\"color: #808080;\">CONTACT<\/span><\/strong><\/p>\n<p><span style=\"color: #808080;\">AMBROSIA WEDDING<br \/>Anna Ambrosiewicz<br \/>Email: info@ambrosia-wedding.com<br \/>Tel: +34 655269481<br \/><\/span><\/p>\n<p>[\/et_pb_text][\/et_pb_column][et_pb_column type=&#8221;1_3&#8243; _builder_version=&#8221;3.25&#8243; custom_padding=&#8221;|||&#8221; custom_padding__hover=&#8221;|||&#8221;][et_pb_text admin_label=&#8221;Footer Imprint EN&#8221; _builder_version=&#8221;4.0.9&#8243; hover_enabled=&#8221;0&#8243;]<\/p>\n<p><strong>IMPRINT<\/strong><\/p>\n<p><a href=\"https:\/\/ambrosia-wedding.com\/impressum\/\">Impressum<\/a><\/p>\n<p><a href=\"https:\/\/ambrosia-wedding.com\/en\/privacy-policy\/\">Privacy Policy<\/a><\/p>\n<p>[\/et_pb_text][et_pb_social_media_follow _builder_version=&#8221;4.0.9&#8243;][et_pb_social_media_follow_network social_network=&#8221;instagram&#8221; url=&#8221;https:\/\/www.instagram.com\/ambrosiawedding\/&#8221; _builder_version=&#8221;3.29.2&#8243; background_color=&#8221;rgba(0,0,0,0.6)&#8221; background_enable_color=&#8221;on&#8221; follow_button=&#8221;off&#8221; url_new_window=&#8221;on&#8221;]instagram[\/et_pb_social_media_follow_network][et_pb_social_media_follow_network social_network=&#8221;youtube&#8221; url=&#8221;https:\/\/www.youtube.com\/ambrosiawedding\/&#8221; _builder_version=&#8221;3.29.2&#8243; background_color=&#8221;rgba(0,0,0,0.6)&#8221; background_enable_color=&#8221;on&#8221; follow_button=&#8221;off&#8221; url_new_window=&#8221;on&#8221;]youtube[\/et_pb_social_media_follow_network][et_pb_social_media_follow_network social_network=&#8221;pinterest&#8221; url=&#8221;https:\/\/www.pinterest.com\/ambrosiawedding\/&#8221; _builder_version=&#8221;3.29.2&#8243; background_color=&#8221;rgba(0,0,0,0.6)&#8221; background_enable_color=&#8221;on&#8221; follow_button=&#8221;off&#8221; url_new_window=&#8221;on&#8221;]pinterest[\/et_pb_social_media_follow_network][\/et_pb_social_media_follow][\/et_pb_column][\/et_pb_row][\/et_pb_section]<\/p>\n","protected":false},"excerpt":{"rendered":"<p>Beach weddings &#8211; Our Ambrosia bridal couplesWe have the pleasure to accompany a lot of bridal couples on their way to their beach wedding in Spain. Every wedding is different and each beach wedding is personalized for every bridal couple we work with. The wedding day should be one of your best memories without thinking [&hellip;]<\/p>\n","protected":false},"author":1,"featured_media":0,"parent":0,"menu_order":0,"comment_status":"closed","ping_status":"closed","template":"","meta":{"_et_pb_use_builder":"on","_et_pb_old_content":"<p>[et_pb_section fb_built=\"1\" _builder_version=\"3.22\" bb_built=\"1\" _i=\"0\" _address=\"0\"][et_pb_row _builder_version=\"3.25\" background_size=\"initial\" background_position=\"top_left\" background_repeat=\"repeat\" _i=\"0\" _address=\"0.0\"][et_pb_column type=\"4_4\" _builder_version=\"3.25\" custom_padding=\"|||\" _i=\"0\" _address=\"0.0.0\" custom_padding__hover=\"|||\"][et_pb_text _builder_version=\"3.27.4\" _i=\"0\" _address=\"0.0.0.0\"]<\/p><h1>Hochzeiten am Strand - Unsere sch\u00f6nsten Brautpaare<\/h1><p>[\/et_pb_text][et_pb_text _builder_version=\"3.27.4\" _i=\"1\" _address=\"0.0.0.1\"]<\/p><p>Wir haben die Ehre j\u00e4hrlich viele Brautpaaren bei ihren Hochzeiten am Strand in Spanien zu begleiten. Jede Hochzeit in anders und jede Strandhochzeit ist individuell auf das jeweilige Brautpaar abgestimmt. Der Hochzeitstag soll f\u00fcr immer in Erinnerung bleiben und zwar als eure Hochzeit und nicht einfach nur eine Hochzeit. Einige unserer sch\u00f6nsten Hochzeiten am Strand in Andalusien, Almeria und dem Naturpark Cabo de Gata zeige ich dir hier. Vielleicht zeige ich bald auch deine Hochzeit hier?\u00a0\u00a0<\/p><p>[\/et_pb_text][et_pb_blog fullwidth=\"off\" posts_number=\"100\" include_categories=\"114\" show_author=\"off\" show_date=\"off\" show_categories=\"off\" show_pagination=\"off\" _builder_version=\"3.18.9\" _i=\"2\" _address=\"0.0.0.2\"][\/et_pb_blog][\/et_pb_column][\/et_pb_row][\/et_pb_section][et_pb_section fb_built=\"1\" _builder_version=\"3.18.9\" global_module=\"10659\" bb_built=\"1\" _i=\"2\" _address=\"2\"][et_pb_row _builder_version=\"3.25\" background_size=\"initial\" background_position=\"top_left\" background_repeat=\"repeat\" _i=\"0\" _address=\"1.0\"][et_pb_column type=\"4_4\" _builder_version=\"3.25\" custom_padding=\"|||\" _i=\"0\" _address=\"1.0.0\" custom_padding__hover=\"|||\"][et_pb_divider _builder_version=\"3.18.9\" _i=\"0\" _address=\"1.0.0.0\"][\/et_pb_divider][\/et_pb_column][\/et_pb_row][et_pb_row column_structure=\"1_2,1_2\" _builder_version=\"3.25\" background_size=\"initial\" background_position=\"top_left\" background_repeat=\"repeat\" _i=\"1\" _address=\"1.1\"][et_pb_column type=\"1_2\" _builder_version=\"3.25\" custom_padding=\"|||\" _i=\"0\" _address=\"1.1.0\" custom_padding__hover=\"|||\"][et_pb_image src=\"https:\/\/ambrosia-wedding.com\/wp-content\/uploads\/2017\/10\/checkliste-hochzeit-am-strand-pic.png\" align_tablet=\"center\" align_last_edited=\"on|desktop\" _builder_version=\"3.29.2\" hover_enabled=\"0\" _i=\"0\" _address=\"1.1.0.0\" alt=\"Freebie Checkliste Hochzeit am Strand download\" title_text=\"Freebie Checkliste Hochzeit am Strand download\"][\/et_pb_image][\/et_pb_column][et_pb_column type=\"1_2\" _builder_version=\"3.25\" custom_padding=\"|||\" _i=\"1\" _address=\"1.1.1\" custom_padding__hover=\"|||\"][et_pb_text _builder_version=\"3.27.4\" _i=\"0\" _address=\"1.1.1.0\"]<\/p><h2><strong>CHECKLISTE<\/strong><br \/>In 5 Schritten zur Hochzeit am Strand<\/h2><p>[\/et_pb_text][et_pb_text _builder_version=\"3.27.4\" _i=\"1\" _address=\"1.1.1.1\"]<\/p><p class=\"line-height-scale-4 font-scale-7 text-align-left\">Dein Traum ist es am Strand zu heiraten? Eine Strandhochzeit ist etwas Besonderes und erfordert gute Organisation und Vorbereitung.<\/p><p class=\"line-height-scale-4 font-scale-7 text-align-left\">Meine Checkliste wird dir genau die Schritte zeigen, die du machen musst, wenn du im Ausland am Strand heiraten m\u00f6chtest.\u00a0<\/p><p>\u00a0<\/p><p>[\/et_pb_text][et_pb_button button_url=\"https:\/\/ambrosia-wedding.com\/checkliste-heiraten-am-strand\/\" url_new_window=\"on\" button_text=\"Checkliste download\" admin_label=\"Taste Checkliste HAS Download\" _builder_version=\"3.18.9\" _i=\"2\" _address=\"1.1.1.2\"][\/et_pb_button][\/et_pb_column][\/et_pb_row][\/et_pb_section][et_pb_section fb_built=\"1\" _builder_version=\"3.0.102\" background_color=\"#ffffff\" global_module=\"8199\" bb_built=\"1\" _i=\"3\" _address=\"3\"][et_pb_row _builder_version=\"3.25\" background_size=\"initial\" background_position=\"top_left\" background_repeat=\"repeat\" _i=\"0\" _address=\"2.0\"][et_pb_column type=\"4_4\" _builder_version=\"3.25\" custom_padding=\"|||\" _i=\"0\" _address=\"2.0.0\" custom_padding__hover=\"|||\"][et_pb_divider _builder_version=\"3.17.6\" _i=\"0\" _address=\"2.0.0.0\"][\/et_pb_divider][\/et_pb_column][\/et_pb_row][et_pb_row column_structure=\"1_2,1_2\" _builder_version=\"3.25\" background_size=\"initial\" background_position=\"top_left\" background_repeat=\"repeat\" _i=\"1\" _address=\"2.1\"][et_pb_column type=\"1_2\" _builder_version=\"3.25\" custom_padding=\"|||\" _i=\"0\" _address=\"2.1.0\" custom_padding__hover=\"|||\"][et_pb_text admin_label=\"Footer Text\" _builder_version=\"3.27.4\" text_orientation=\"center\" _i=\"0\" _address=\"2.1.0.0\"]<\/p><p><strong>AMBROSIA WEDDING<\/strong><\/p><p><a href=\"https:\/\/ambrosia-wedding.com\/hochzeitsplaner-spanien\/\">Anna<\/a>\u00a0plant und gestaltet individuelle und exklusive Hochzeiten in Andalusien, f\u00fcr Brautpaare, die sich den Traum von einer Hochzeit am Meer erf\u00fcllen m\u00f6chten. Zudem unterst\u00fctzt sie DIY Br\u00e4ute bei der Planung ihrer DIY Hochzeit online mit dem <a href=\"https:\/\/ambrosia-wedding.com\/hochzeitsplanung-online-kurs\">Ambrosia DIY-Wedding Kurs<\/a><\/p><p>[\/et_pb_text][\/et_pb_column][et_pb_column type=\"1_2\" _builder_version=\"3.25\" custom_padding=\"|||\" _i=\"1\" _address=\"2.1.1\" custom_padding__hover=\"|||\"][et_pb_text admin_label=\"1. Footer - Kontakt\" _builder_version=\"3.27.4\" text_text_color=\"#c184a3\" background_size=\"initial\" background_position=\"top_left\" background_repeat=\"repeat\" text_orientation=\"center\" max_width_tablet=\"50px\" module_alignment=\"center\" use_border_color=\"off\" _i=\"0\" _address=\"2.1.1.0\"]<\/p><p><strong><span style=\"color: #808080;\">KONTAKT<\/span><\/strong><\/p><p><span style=\"color: #808080;\">AMBROSIA WEDDING - Anna Ambrosiewicz<br \/>info[at]ambrosia-wedding.com<br \/>Tel: +34655269481<br \/><a href=\"http:\/\/www.m.me\/ambrosiawedding\">Messenger<\/a><\/span><\/p><p>[\/et_pb_text][\/et_pb_column][\/et_pb_row][et_pb_row _builder_version=\"3.25\" background_size=\"initial\" background_position=\"top_left\" background_repeat=\"repeat\" _i=\"2\" _address=\"2.2\"][et_pb_column type=\"4_4\" _builder_version=\"3.25\" custom_padding=\"|||\" _i=\"0\" _address=\"2.2.0\" custom_padding__hover=\"|||\"][et_pb_divider _builder_version=\"3.17.6\" _i=\"0\" _address=\"2.2.0.0\"][\/et_pb_divider][\/et_pb_column][\/et_pb_row][\/et_pb_section]<\/p>","_et_gb_content_width":"","footnotes":""},"class_list":["post-11726","page","type-page","status-publish","hentry"],"yoast_head":"<!-- This site is optimized with the Yoast SEO Premium plugin v27.1 (Yoast SEO v27.3) - https:\/\/yoast.com\/product\/yoast-seo-premium-wordpress\/ -->\n<title>Beach weddings - Ambrosia bridal couples | Gallery of our bridal couples<\/title>\n<meta name=\"description\" content=\"Beach weddings of our Ambrosia Bridal couples. Get an inspiration of the beach weddings we organized and the couples Ambrosia Wedding works with.\" \/>\n<meta name=\"robots\" content=\"index, follow, max-snippet:-1, max-image-preview:large, max-video-preview:-1\" \/>\n<link rel=\"canonical\" href=\"https:\/\/ambrosia-wedding.com\/en\/\" \/>\n<meta property=\"og:locale\" content=\"en_US\" \/>\n<meta property=\"og:type\" content=\"article\" \/>\n<meta property=\"og:title\" content=\"Beach weddings - Ambrosia bridal couples\" \/>\n<meta property=\"og:description\" content=\"Beach weddings of our Ambrosia Bridal couples. Get an inspiration of the beach weddings we organized and the couples Ambrosia Wedding works with.\" \/>\n<meta property=\"og:url\" content=\"https:\/\/ambrosia-wedding.com\/en\/\" \/>\n<meta property=\"og:site_name\" content=\"Ambrosia Wedding Planner in Spanien\" \/>\n<meta property=\"article:publisher\" content=\"http:\/\/www.facebook.com\/ambrosiawedding\" \/>\n<meta property=\"article:modified_time\" content=\"2020-02-05T13:18:44+00:00\" \/>\n<meta name=\"twitter:card\" content=\"summary_large_image\" \/>\n<meta name=\"twitter:site\" content=\"@ambrosiawedding\" \/>\n<meta name=\"twitter:label1\" content=\"Est. reading time\" \/>\n\t<meta name=\"twitter:data1\" content=\"4 minutes\" \/>\n<script type=\"application\/ld+json\" class=\"yoast-schema-graph\">{\"@context\":\"https:\\\/\\\/schema.org\",\"@graph\":[{\"@type\":\"WebPage\",\"@id\":\"https:\\\/\\\/ambrosia-wedding.com\\\/en\\\/bridal-couples\\\/\",\"url\":\"https:\\\/\\\/ambrosia-wedding.com\\\/en\\\/\",\"name\":\"Beach weddings - Ambrosia bridal couples | Gallery of our bridal couples\",\"isPartOf\":{\"@id\":\"https:\\\/\\\/ambrosia-wedding.com\\\/en\\\/#website\"},\"datePublished\":\"2019-12-27T15:46:55+00:00\",\"dateModified\":\"2020-02-05T13:18:44+00:00\",\"description\":\"Beach weddings of our Ambrosia Bridal couples. Get an inspiration of the beach weddings we organized and the couples Ambrosia Wedding works with.\",\"breadcrumb\":{\"@id\":\"https:\\\/\\\/ambrosia-wedding.com\\\/en\\\/#breadcrumb\"},\"inLanguage\":\"en-US\",\"potentialAction\":[{\"@type\":\"ReadAction\",\"target\":[\"https:\\\/\\\/ambrosia-wedding.com\\\/en\\\/\"]}]},{\"@type\":\"BreadcrumbList\",\"@id\":\"https:\\\/\\\/ambrosia-wedding.com\\\/en\\\/#breadcrumb\",\"itemListElement\":[{\"@type\":\"ListItem\",\"position\":1,\"name\":\"Startseite\",\"item\":\"https:\\\/\\\/ambrosia-wedding.com\\\/en\\\/\"},{\"@type\":\"ListItem\",\"position\":2,\"name\":\"Beach weddings &#8211; Ambrosia bridal couples\"}]},{\"@type\":\"WebSite\",\"@id\":\"https:\\\/\\\/ambrosia-wedding.com\\\/en\\\/#website\",\"url\":\"https:\\\/\\\/ambrosia-wedding.com\\\/en\\\/\",\"name\":\"Ambrosia Wedding - Wedding Planner & Designer\",\"description\":\"Anna Ambrosiewicz\",\"publisher\":{\"@id\":\"https:\\\/\\\/ambrosia-wedding.com\\\/en\\\/#organization\"},\"potentialAction\":[{\"@type\":\"SearchAction\",\"target\":{\"@type\":\"EntryPoint\",\"urlTemplate\":\"https:\\\/\\\/ambrosia-wedding.com\\\/en\\\/?s={search_term_string}\"},\"query-input\":{\"@type\":\"PropertyValueSpecification\",\"valueRequired\":true,\"valueName\":\"search_term_string\"}}],\"inLanguage\":\"en-US\"},{\"@type\":\"Organization\",\"@id\":\"https:\\\/\\\/ambrosia-wedding.com\\\/en\\\/#organization\",\"name\":\"Ambrosia Wedding\",\"url\":\"https:\\\/\\\/ambrosia-wedding.com\\\/en\\\/\",\"logo\":{\"@type\":\"ImageObject\",\"inLanguage\":\"en-US\",\"@id\":\"https:\\\/\\\/ambrosia-wedding.com\\\/en\\\/#\\\/schema\\\/logo\\\/image\\\/\",\"url\":\"\",\"contentUrl\":\"\",\"caption\":\"Ambrosia Wedding\"},\"image\":{\"@id\":\"https:\\\/\\\/ambrosia-wedding.com\\\/en\\\/#\\\/schema\\\/logo\\\/image\\\/\"},\"sameAs\":[\"http:\\\/\\\/www.facebook.com\\\/ambrosiawedding\",\"https:\\\/\\\/x.com\\\/ambrosiawedding\"]}]}<\/script>\n<!-- \/ Yoast SEO Premium plugin. -->","yoast_head_json":{"title":"Beach weddings - Ambrosia bridal couples | Gallery of our bridal couples","description":"Beach weddings of our Ambrosia Bridal couples. Get an inspiration of the beach weddings we organized and the couples Ambrosia Wedding works with.","robots":{"index":"index","follow":"follow","max-snippet":"max-snippet:-1","max-image-preview":"max-image-preview:large","max-video-preview":"max-video-preview:-1"},"canonical":"https:\/\/ambrosia-wedding.com\/en\/","og_locale":"en_US","og_type":"article","og_title":"Beach weddings - Ambrosia bridal couples","og_description":"Beach weddings of our Ambrosia Bridal couples. Get an inspiration of the beach weddings we organized and the couples Ambrosia Wedding works with.","og_url":"https:\/\/ambrosia-wedding.com\/en\/","og_site_name":"Ambrosia Wedding Planner in Spanien","article_publisher":"http:\/\/www.facebook.com\/ambrosiawedding","article_modified_time":"2020-02-05T13:18:44+00:00","twitter_card":"summary_large_image","twitter_site":"@ambrosiawedding","twitter_misc":{"Est. reading time":"4 minutes"},"schema":{"@context":"https:\/\/schema.org","@graph":[{"@type":"WebPage","@id":"https:\/\/ambrosia-wedding.com\/en\/bridal-couples\/","url":"https:\/\/ambrosia-wedding.com\/en\/","name":"Beach weddings - Ambrosia bridal couples | Gallery of our bridal couples","isPartOf":{"@id":"https:\/\/ambrosia-wedding.com\/en\/#website"},"datePublished":"2019-12-27T15:46:55+00:00","dateModified":"2020-02-05T13:18:44+00:00","description":"Beach weddings of our Ambrosia Bridal couples. Get an inspiration of the beach weddings we organized and the couples Ambrosia Wedding works with.","breadcrumb":{"@id":"https:\/\/ambrosia-wedding.com\/en\/#breadcrumb"},"inLanguage":"en-US","potentialAction":[{"@type":"ReadAction","target":["https:\/\/ambrosia-wedding.com\/en\/"]}]},{"@type":"BreadcrumbList","@id":"https:\/\/ambrosia-wedding.com\/en\/#breadcrumb","itemListElement":[{"@type":"ListItem","position":1,"name":"Startseite","item":"https:\/\/ambrosia-wedding.com\/en\/"},{"@type":"ListItem","position":2,"name":"Beach weddings &#8211; Ambrosia bridal couples"}]},{"@type":"WebSite","@id":"https:\/\/ambrosia-wedding.com\/en\/#website","url":"https:\/\/ambrosia-wedding.com\/en\/","name":"Ambrosia Wedding - Wedding Planner & Designer","description":"Anna Ambrosiewicz","publisher":{"@id":"https:\/\/ambrosia-wedding.com\/en\/#organization"},"potentialAction":[{"@type":"SearchAction","target":{"@type":"EntryPoint","urlTemplate":"https:\/\/ambrosia-wedding.com\/en\/?s={search_term_string}"},"query-input":{"@type":"PropertyValueSpecification","valueRequired":true,"valueName":"search_term_string"}}],"inLanguage":"en-US"},{"@type":"Organization","@id":"https:\/\/ambrosia-wedding.com\/en\/#organization","name":"Ambrosia Wedding","url":"https:\/\/ambrosia-wedding.com\/en\/","logo":{"@type":"ImageObject","inLanguage":"en-US","@id":"https:\/\/ambrosia-wedding.com\/en\/#\/schema\/logo\/image\/","url":"","contentUrl":"","caption":"Ambrosia Wedding"},"image":{"@id":"https:\/\/ambrosia-wedding.com\/en\/#\/schema\/logo\/image\/"},"sameAs":["http:\/\/www.facebook.com\/ambrosiawedding","https:\/\/x.com\/ambrosiawedding"]}]}},"_links":{"self":[{"href":"https:\/\/ambrosia-wedding.com\/en\/wp-json\/wp\/v2\/pages\/11726","targetHints":{"allow":["GET"]}}],"collection":[{"href":"https:\/\/ambrosia-wedding.com\/en\/wp-json\/wp\/v2\/pages"}],"about":[{"href":"https:\/\/ambrosia-wedding.com\/en\/wp-json\/wp\/v2\/types\/page"}],"author":[{"embeddable":true,"href":"https:\/\/ambrosia-wedding.com\/en\/wp-json\/wp\/v2\/users\/1"}],"replies":[{"embeddable":true,"href":"https:\/\/ambrosia-wedding.com\/en\/wp-json\/wp\/v2\/comments?post=11726"}],"version-history":[{"count":5,"href":"https:\/\/ambrosia-wedding.com\/en\/wp-json\/wp\/v2\/pages\/11726\/revisions"}],"predecessor-version":[{"id":12990,"href":"https:\/\/ambrosia-wedding.com\/en\/wp-json\/wp\/v2\/pages\/11726\/revisions\/12990"}],"wp:attachment":[{"href":"https:\/\/ambrosia-wedding.com\/en\/wp-json\/wp\/v2\/media?parent=11726"}],"curies":[{"name":"wp","href":"https:\/\/api.w.org\/{rel}","templated":true}]}}