{"id":11704,"date":"2014-10-17T23:20:27","date_gmt":"2014-10-17T21:20:27","guid":{"rendered":"https:\/\/www.ambrosia-wedding.com\/?page_id=11704"},"modified":"2025-07-01T13:44:42","modified_gmt":"2025-07-01T11:44:42","slug":"hochzeit-am-strand-komplettpaket","status":"publish","type":"page","link":"https:\/\/ambrosia-wedding.com\/en\/hochzeit-am-strand-komplettpaket\/","title":{"rendered":"Erste Schritte zum Hochzeit am Strand Komplettpaket"},"content":{"rendered":"<p>[et_pb_section fb_built=&#8221;1&#8243; _builder_version=&#8221;4.16&#8243; _module_preset=&#8221;default&#8221; global_colors_info=&#8221;{}&#8221;][et_pb_row _builder_version=&#8221;4.16&#8243; _module_preset=&#8221;default&#8221; global_colors_info=&#8221;{}&#8221;][et_pb_column type=&#8221;4_4&#8243; _builder_version=&#8221;4.16&#8243; _module_preset=&#8221;default&#8221; global_colors_info=&#8221;{}&#8221;][et_pb_text _builder_version=&#8221;4.27.4&#8243; background_size=&#8221;initial&#8221; background_position=&#8221;top_left&#8221; background_repeat=&#8221;repeat&#8221; module_alignment=&#8221;left&#8221; hover_enabled=&#8221;0&#8243; border_style=&#8221;solid&#8221; global_colors_info=&#8221;{}&#8221; sticky_enabled=&#8221;0&#8243;]<\/p>\n<h1 class=\"p1\">Step by step to a complete beach wedding package<\/h1>\n<p>[\/et_pb_text][et_pb_image src=&#8221;https:\/\/ambrosia-wedding.com\/wp-content\/uploads\/2025\/03\/157_B32A4420-Mejorado-NR.jpg&#8221; alt=&#8221;hochzeit am strand&#8221; title_text=&#8221;157_B32A4420-Mejorado-NR&#8221; _builder_version=&#8221;4.27.4&#8243; _module_preset=&#8221;default&#8221; global_colors_info=&#8221;{}&#8221;][\/et_pb_image][\/et_pb_column][\/et_pb_row][et_pb_row column_structure=&#8221;1_5,1_5,1_5,1_5,1_5&#8243; _builder_version=&#8221;4.16&#8243; _module_preset=&#8221;default&#8221; module_alignment=&#8221;center&#8221; global_colors_info=&#8221;{}&#8221;][et_pb_column type=&#8221;1_5&#8243; _builder_version=&#8221;4.16&#8243; _module_preset=&#8221;default&#8221; global_colors_info=&#8221;{}&#8221;][et_pb_image src=&#8221;https:\/\/ambrosia-wedding.com\/wp-content\/uploads\/2022\/08\/ambrosiawedding-komplettangebot-icon1.png&#8221; alt=&#8221;ambrosiawedding-komplettangebot-icon1&#8243; title_text=&#8221;ambrosiawedding-komplettangebot-icon1&#8243; align=&#8221;center&#8221; _builder_version=&#8221;4.16&#8243; _module_preset=&#8221;default&#8221; global_colors_info=&#8221;{}&#8221;][\/et_pb_image][et_pb_text _builder_version=&#8221;4.27.4&#8243; _module_preset=&#8221;default&#8221; header_text_align=&#8221;center&#8221; text_orientation=&#8221;center&#8221; hover_enabled=&#8221;0&#8243; global_colors_info=&#8221;{}&#8221; sticky_enabled=&#8221;0&#8243;]<\/p>\n<h4>Get to know each other in a video call<\/h4>\n<p>[\/et_pb_text][et_pb_text _builder_version=&#8221;4.27.4&#8243; _module_preset=&#8221;default&#8221; hover_enabled=&#8221;0&#8243; global_colors_info=&#8221;{}&#8221; sticky_enabled=&#8221;0&#8243;]<\/p>\n<p>Do you like our style and would you like a carefree beach wedding package? Let&#8217;s talk without obligation and you tell us your wishes.<\/p>\n<p>[\/et_pb_text][\/et_pb_column][et_pb_column type=&#8221;1_5&#8243; _builder_version=&#8221;4.16&#8243; _module_preset=&#8221;default&#8221; global_colors_info=&#8221;{}&#8221;][et_pb_image src=&#8221;https:\/\/ambrosia-wedding.com\/wp-content\/uploads\/2022\/08\/ambrosiawedding-komplettangebot-icon2.png&#8221; title_text=&#8221;ambrosiawedding-komplettangebot-icon2&#8243; align=&#8221;center&#8221; _builder_version=&#8221;4.16&#8243; _module_preset=&#8221;default&#8221; global_colors_info=&#8221;{}&#8221;][\/et_pb_image][et_pb_text _builder_version=&#8221;4.27.4&#8243; _module_preset=&#8221;default&#8221; header_text_align=&#8221;center&#8221; text_orientation=&#8221;center&#8221; hover_enabled=&#8221;0&#8243; global_colors_info=&#8221;{}&#8221; sticky_enabled=&#8221;0&#8243;]<\/p>\n<h4>Location &amp; Offer<\/h4>\n<p>[\/et_pb_text][et_pb_text _builder_version=&#8221;4.27.4&#8243; _module_preset=&#8221;default&#8221; hover_enabled=&#8221;0&#8243; global_colors_info=&#8221;{}&#8221; sticky_enabled=&#8221;0&#8243;]<\/p>\n<p>After we know your wishes, you will receive location suggestions and an offer.<\/p>\n<p>[\/et_pb_text][\/et_pb_column][et_pb_column type=&#8221;1_5&#8243; _builder_version=&#8221;4.16&#8243; _module_preset=&#8221;default&#8221; global_colors_info=&#8221;{}&#8221;][et_pb_image src=&#8221;https:\/\/ambrosia-wedding.com\/wp-content\/uploads\/2022\/08\/ambrosiawedding-komplettangebot-icon3.png&#8221; title_text=&#8221;ambrosiawedding-komplettangebot-icon3&#8243; align=&#8221;center&#8221; _builder_version=&#8221;4.16&#8243; _module_preset=&#8221;default&#8221; global_colors_info=&#8221;{}&#8221;][\/et_pb_image][et_pb_text _builder_version=&#8221;4.27.4&#8243; _module_preset=&#8221;default&#8221; header_text_align=&#8221;center&#8221; text_orientation=&#8221;center&#8221; hover_enabled=&#8221;0&#8243; global_colors_info=&#8221;{}&#8221; sticky_enabled=&#8221;0&#8243;]<\/p>\n<h4>Conclusion of contract<\/h4>\n<p>[\/et_pb_text][et_pb_text _builder_version=&#8221;4.27.4&#8243; _module_preset=&#8221;default&#8221; hover_enabled=&#8221;0&#8243; global_colors_info=&#8221;{}&#8221; sticky_enabled=&#8221;0&#8243;]<\/p>\n<p>If you are enthusiastic about our offer, we will now conclude a contract and start planning your wedding<\/p>\n<p>[\/et_pb_text][\/et_pb_column][et_pb_column type=&#8221;1_5&#8243; _builder_version=&#8221;4.16&#8243; _module_preset=&#8221;default&#8221; global_colors_info=&#8221;{}&#8221;][et_pb_image src=&#8221;https:\/\/ambrosia-wedding.com\/wp-content\/uploads\/2022\/08\/ambrosiawedding-komplettangebot-icon4.png&#8221; title_text=&#8221;ambrosiawedding-komplettangebot-icon4&#8243; align=&#8221;center&#8221; _builder_version=&#8221;4.16&#8243; _module_preset=&#8221;default&#8221; global_colors_info=&#8221;{}&#8221;][\/et_pb_image][et_pb_text _builder_version=&#8221;4.27.4&#8243; _module_preset=&#8221;default&#8221; header_text_align=&#8221;center&#8221; text_orientation=&#8221;center&#8221; hover_enabled=&#8221;0&#8243; global_colors_info=&#8221;{}&#8221; sticky_enabled=&#8221;0&#8243;]<\/p>\n<h4>Detailed planning<\/h4>\n<p>[\/et_pb_text][et_pb_text _builder_version=&#8221;4.27.4&#8243; _module_preset=&#8221;default&#8221; hover_enabled=&#8221;0&#8243; global_colors_info=&#8221;{}&#8221; sticky_enabled=&#8221;0&#8243;]<\/p>\n<p>During the planning period, you will receive regular status emails and we will meet several times in a video call. We suggest services to you and you decide what you would like.<\/p>\n<p>[\/et_pb_text][\/et_pb_column][et_pb_column type=&#8221;1_5&#8243; _builder_version=&#8221;4.16&#8243; _module_preset=&#8221;default&#8221; global_colors_info=&#8221;{}&#8221;][et_pb_image src=&#8221;https:\/\/ambrosia-wedding.com\/wp-content\/uploads\/2022\/08\/ambrosiawedding-komplettangebot-icon5.png&#8221; title_text=&#8221;ambrosiawedding-komplettangebot-icon5&#8243; align=&#8221;center&#8221; _builder_version=&#8221;4.16&#8243; _module_preset=&#8221;default&#8221; global_colors_info=&#8221;{}&#8221;][\/et_pb_image][et_pb_text _builder_version=&#8221;4.27.4&#8243; _module_preset=&#8221;default&#8221; header_text_align=&#8221;center&#8221; text_orientation=&#8221;center&#8221; hover_enabled=&#8221;0&#8243; global_colors_info=&#8221;{}&#8221; sticky_enabled=&#8221;0&#8243;]<\/p>\n<h4>Wedding day<\/h4>\n<p>[\/et_pb_text][et_pb_text _builder_version=&#8221;4.27.4&#8243; _module_preset=&#8221;default&#8221; hover_enabled=&#8221;0&#8243; global_colors_info=&#8221;{}&#8221; sticky_enabled=&#8221;0&#8243;]<\/p>\n<p>On the day of the wedding you can relax and enjoy yourselves with your guests. We&#8217;ll take care of all the stressful part.<\/p>\n<p>[\/et_pb_text][\/et_pb_column][\/et_pb_row][et_pb_row _builder_version=&#8221;4.16&#8243; _module_preset=&#8221;default&#8221; global_colors_info=&#8221;{}&#8221;][et_pb_column type=&#8221;4_4&#8243; _builder_version=&#8221;4.16&#8243; _module_preset=&#8221;default&#8221; global_colors_info=&#8221;{}&#8221;][et_pb_cta title=&#8221;Would you like to realise your dream of a wedding by the sea?&#8221; button_url=&#8221;https:\/\/ambrosia-wedding.com\/de\/kontakt-hochzeitsplaner-in-spanien\/&#8221; button_text=&#8221;Contact us&#8221; admin_label=&#8221;Zum Kontaktformular&#8221; _builder_version=&#8221;4.27.4&#8243; header_font=&#8221;|||on|||||&#8221; header_text_color=&#8221;#d6ac56&#8243; header_font_size=&#8221;20px&#8221; header_line_height=&#8221;1.2em&#8221; body_text_color=&#8221;#617e89&#8243; background_color=&#8221;rgba(0,0,0,0)&#8221; hover_enabled=&#8221;0&#8243; border_width_top=&#8221;1px&#8221; border_width_bottom=&#8221;1px&#8221; saved_tabs=&#8221;all&#8221; global_colors_info=&#8221;{}&#8221; button_text_size__hover_enabled=&#8221;off&#8221; button_text_size__hover=&#8221;null&#8221; button_one_text_size__hover_enabled=&#8221;off&#8221; button_one_text_size__hover=&#8221;null&#8221; button_two_text_size__hover_enabled=&#8221;off&#8221; button_two_text_size__hover=&#8221;null&#8221; button_text_color__hover_enabled=&#8221;off&#8221; button_text_color__hover=&#8221;null&#8221; button_one_text_color__hover_enabled=&#8221;off&#8221; button_one_text_color__hover=&#8221;null&#8221; button_two_text_color__hover_enabled=&#8221;off&#8221; button_two_text_color__hover=&#8221;null&#8221; button_border_width__hover_enabled=&#8221;off&#8221; button_border_width__hover=&#8221;null&#8221; button_one_border_width__hover_enabled=&#8221;off&#8221; button_one_border_width__hover=&#8221;null&#8221; button_two_border_width__hover_enabled=&#8221;off&#8221; button_two_border_width__hover=&#8221;null&#8221; button_border_color__hover_enabled=&#8221;off&#8221; button_border_color__hover=&#8221;null&#8221; button_one_border_color__hover_enabled=&#8221;off&#8221; button_one_border_color__hover=&#8221;null&#8221; button_two_border_color__hover_enabled=&#8221;off&#8221; button_two_border_color__hover=&#8221;null&#8221; button_border_radius__hover_enabled=&#8221;off&#8221; button_border_radius__hover=&#8221;null&#8221; button_one_border_radius__hover_enabled=&#8221;off&#8221; button_one_border_radius__hover=&#8221;null&#8221; button_two_border_radius__hover_enabled=&#8221;off&#8221; button_two_border_radius__hover=&#8221;null&#8221; button_letter_spacing__hover_enabled=&#8221;off&#8221; button_letter_spacing__hover=&#8221;null&#8221; button_one_letter_spacing__hover_enabled=&#8221;off&#8221; button_one_letter_spacing__hover=&#8221;null&#8221; button_two_letter_spacing__hover_enabled=&#8221;off&#8221; button_two_letter_spacing__hover=&#8221;null&#8221; button_bg_color__hover_enabled=&#8221;off&#8221; button_bg_color__hover=&#8221;null&#8221; button_one_bg_color__hover_enabled=&#8221;off&#8221; button_one_bg_color__hover=&#8221;null&#8221; button_two_bg_color__hover_enabled=&#8221;off&#8221; button_two_bg_color__hover=&#8221;null&#8221; sticky_enabled=&#8221;0&#8243;]<\/p>\n<p class=\"p2\">As your wedding planner, I would be delighted to help you organise your wedding by the sea. Would you like to have a non-binding information meeting first? Then please fill out my contact form. This will allow me to better respond to your wishes, which we can discuss in a Zoom call. I look forward to seeing you.<\/p>\n<p>[\/et_pb_cta][\/et_pb_column][\/et_pb_row][\/et_pb_section][et_pb_section fb_built=&#8221;1&#8243; admin_label=&#8221;section&#8221; _builder_version=&#8221;4.16&#8243; global_colors_info=&#8221;{}&#8221;][et_pb_row _builder_version=&#8221;4.16&#8243; _module_preset=&#8221;default&#8221; global_colors_info=&#8221;{}&#8221;][et_pb_column type=&#8221;4_4&#8243; _builder_version=&#8221;4.16&#8243; _module_preset=&#8221;default&#8221; global_colors_info=&#8221;{}&#8221;][et_pb_text _builder_version=&#8221;4.27.4&#8243; _module_preset=&#8221;default&#8221; hover_enabled=&#8221;0&#8243; global_colors_info=&#8221;{}&#8221; sticky_enabled=&#8221;0&#8243;]<\/p>\n<h1>Good to know<\/h1>\n<p>[\/et_pb_text][\/et_pb_column][\/et_pb_row][et_pb_row column_structure=&#8221;1_2,1_2&#8243; _builder_version=&#8221;4.16&#8243; _module_preset=&#8221;default&#8221; global_colors_info=&#8221;{}&#8221;][et_pb_column type=&#8221;1_2&#8243; _builder_version=&#8221;4.16&#8243; _module_preset=&#8221;default&#8221; global_colors_info=&#8221;{}&#8221;][et_pb_text admin_label=&#8221;Standesamtliche Trauungen in Spanien&#8221; _builder_version=&#8221;4.27.4&#8243; hover_enabled=&#8221;0&#8243; border_style=&#8221;solid&#8221; global_colors_info=&#8221;{}&#8221; sticky_enabled=&#8221;0&#8243;]<\/p>\n<p>Civil weddings in Spain<\/p>\n<p>A legal civil marriage in Spain is only possible if at least one of the partners is resident here. If you both live in Germany, you register at the local registry office in Germany and get married there. This is also possible after the free wedding ceremony on the beach in Spain.<\/p>\n<p>[\/et_pb_text][et_pb_testimonial author=&#8221;Swenja &#038; Joshua&#8221; portrait_url=&#8221;\/wp-content\/uploads\/2014\/10\/sj.jpg&#8221; _builder_version=&#8221;4.27.4&#8243; background_size=&#8221;initial&#8221; background_position=&#8221;top_left&#8221; background_repeat=&#8221;repeat&#8221; text_orientation=&#8221;center&#8221; hover_enabled=&#8221;0&#8243; border_style=&#8221;solid&#8221; global_colors_info=&#8221;{}&#8221; sticky_enabled=&#8221;0&#8243;]<\/p>\n<p>One of our guests said: \u2018The wedding was like something out of a film!\u2019 and that sums it up very well.<\/p>\n<p>[\/et_pb_testimonial][\/et_pb_column][et_pb_column type=&#8221;1_2&#8243; _builder_version=&#8221;4.16&#8243; _module_preset=&#8221;default&#8221; global_colors_info=&#8221;{}&#8221;][et_pb_text admin_label=&#8221;Kirchliche Trauungen in Spanien&#8221; _builder_version=&#8221;4.27.4&#8243; hover_enabled=&#8221;0&#8243; border_style=&#8221;solid&#8221; global_colors_info=&#8221;{}&#8221; sticky_enabled=&#8221;0&#8243;]<\/p>\n<p>Church weddings in Spain<\/p>\n<p>A church wedding is no problem. We organise Catholic weddings in German or with a German translator in a small chapel directly on the beach or in one of the fishing villages. You apply for all the necessary documents in your home parish and have the papers sent to Almeria.<\/p>\n<p>[\/et_pb_text][et_pb_testimonial author=&#8221;Jessica &#038; Daniel&#8221; portrait_url=&#8221;\/wp-content\/uploads\/2014\/10\/0215.jpg&#8221; _builder_version=&#8221;4.27.4&#8243; background_size=&#8221;initial&#8221; background_position=&#8221;top_left&#8221; background_repeat=&#8221;repeat&#8221; text_orientation=&#8221;center&#8221; hover_enabled=&#8221;0&#8243; border_style=&#8221;solid&#8221; global_colors_info=&#8221;{}&#8221; sticky_enabled=&#8221;0&#8243;]<\/p>\n<p class=\"p1\">It was simply beautiful, and even THOSE who had doubts about a wedding abroad were so excited and emotionally moved. I saw my father cry for the first time.<\/p>\n<p>[\/et_pb_testimonial][\/et_pb_column][\/et_pb_row][\/et_pb_section]<\/p>\n","protected":false},"excerpt":{"rendered":"<p>Step by step to a complete beach wedding packageGet to know each other in a video callDo you like our style and would you like a carefree beach wedding package? Let&#8217;s talk without obligation and you tell us your wishes.Location &amp; OfferAfter we know your wishes, you will receive location suggestions and an offer.Conclusion of [&hellip;]<\/p>\n","protected":false},"author":1,"featured_media":0,"parent":0,"menu_order":0,"comment_status":"open","ping_status":"open","template":"","meta":{"_et_pb_use_builder":"on","_et_pb_old_content":"<p class=\"p1\"><b>Erster Kontakt<br \/> <\/b><\/p><p class=\"p1\">Ihnen gef\u00e4llt unser Stil und Sie m\u00f6chten gerne in Almeria heiraten. Dann f\u00fcllen Sie zun\u00e4chst <a href=\"http:\/\/heiraten-am-strand.com\/kontakt\/\">dieses einfache Formular<\/a> aus. Mit den wichtigen Eckdaten sende ich Ihnen ein bis drei Info-Brosch\u00fcren mit Impressionen der Locations und einer Beispiel-Hochzeit. Gef\u00e4llt Ihnen eine der Locations dann ist es Zeit f\u00fcr ein 1-st\u00fcndiges Beratungsgespr\u00e4ch.<br \/> Um die wichtigsten Fragen zu kl\u00e4ren sprechen wir in Deutschland pers\u00f6nlich miteinander (wenn Sie aus K\u00f6ln und Umgebung kommen), per Skype, Facetime oder wir benutzen ganz \u201cOld School\u201d das Telefon:)<span class=\"s1\"><br \/> <\/span>Sie verraten mir Ihre W\u00fcnsche und ich\u00a0erstelle Ihnen ein detailliertes Angebot inkl. Vertrag. Sollten Sie vor Vertragsabschluss weitere Beratungsgespr\u00e4che ben\u00f6tigen, berechne ich 65,00\u00a0\u20ac pro Stunde, die Ihnen angerechnet werden, sollten Sie den Vertrag unterschreiben!<\/p><p class=\"p1\"><b>Vertragsabschluss<\/b><\/p><p class=\"p1\">Die Chemie zwischen uns stimmt und Sie m\u00f6chten mir die Planung\u00a0Ihrer Hochzeit anvertrauen \u2013 dann werden\u00a0wir einen ordentlichen Vertrag abschlie\u00dfen und es geht los\u00a0mit der Hochzeitsplanung. Sie erhalten nach Vertragsabschluss eine Rechnung \u00fcber die erste Anzahlung (30% der Gesamtsumme). Die Anzahlung wird f\u00fcr die verbindliche Reservierung der Location und weitere Dienstleister verwendet.<\/p><p class=\"p1\"><b>Location besichtigen<\/b><\/p><p class=\"p1\">Wenn die Fotos der Locations Sie nicht restlos \u00fcberzeugen, sondern Sie Ihrem Bauchgef\u00fchl vertrauen m\u00f6chten, dann zeige ich Ihnen auf Wunsch gerne Ihre 3 Favoriten live in Almeria. Daf\u00fcr sollten Sie fr\u00fchzeitig einen Flug buchen und einen Tag in Almeria f\u00fcr die Location-Tour einplanen. ich besuche zusammen mit Ihnen max. 3 Locations. Die Kosten betragen 150,00 \u20ac inkl. Transport. Sollten Sie sich f\u00fcr mich als Wedding Planner entscheiden, werden Ihnen die Kosten beim Vertragsabschluss gutgeschrieben.<\/p><p class=\"p1\"><b>W\u00e4hrend der Planungsphase<\/b><\/p><p class=\"p1\">Sie bekommen Updates per Mail \u00fcber die wichtigen\u00a0Schritte der Planung. In der hei\u00dfen Phase, also in den letzten 4 Wochen vor der Hochzeit werden wir 2-3 mal\u00a0miteinander telefonieren, um noch offene\u00a0Fragen zu kl\u00e4ren und wichtige Infos wie z.B. die endg\u00fcltige Anzahl der G\u00e4ste oder die Auswahl des Hochzeitsmen\u00fcs auszutauschen.<\/p><p class=\"p1\"><b>Vor Ort<\/b><\/p><p class=\"p1\">Herzlich willkommen in Almeria. Bei einem pers\u00f6nlichen Treffen besprechen wir den Ablauf Ihres Aufenthaltes und vor allem den Ablauf des Hochzeitstages. Je nach gew\u00fcnschten Umfang und gebuchtem Paket, betreuen wir auch Ihre G\u00e4ste z.B.\u00a0bei einem gem\u00fctlichen\u00a0Come together am Vorabend.<\/p><p class=\"p1\"><b>Am Tag der Hochzeit<\/b><\/p><p class=\"p1\">Es ist soweit: Aufgeregt d\u00fcrfen Sie sein \u2013 aber in erster Linie genie\u00dfen und feiern Sie und mein Team und ich sorgen f\u00fcr einen reibungslosen Ablauf <a href=\"http:\/\/heiraten-am-strand.com\/wedding-planner-in-spanien\/\"><span class=\"s2\">hinter den Kulissen<\/span><\/a>.<\/p><p>\u00a0<\/p><h2 style=\"text-align: center;\"><a href=\"http:\/\/heiraten-am-strand.com\/wp-content\/uploads\/2014\/09\/Kontakt-Button-Beratung.jpg\"><img class=\"size-full wp-image-695\" src=\"http:\/\/heiraten-am-strand.com\/wp-content\/uploads\/2014\/09\/Kontakt-Button-Beratung.jpg\" alt=\"Kontakt-Button-Beratung\" width=\"844\" height=\"135\" \/><\/a><\/h2>","_et_gb_content_width":"","footnotes":""},"class_list":["post-11704","page","type-page","status-publish","hentry"],"yoast_head":"<!-- This site is optimized with the Yoast SEO Premium plugin v27.1 (Yoast SEO v27.3) - https:\/\/yoast.com\/product\/yoast-seo-premium-wordpress\/ -->\n<title>Wedding on the beach complete package<\/title>\n<meta name=\"description\" content=\"The complete beach wedding package: wedding planner Anna Ambrosiewicz plans and organises your carefree, dreamy, relaxed wedding on the beach.\" \/>\n<meta name=\"robots\" content=\"index, follow, max-snippet:-1, max-image-preview:large, max-video-preview:-1\" \/>\n<link rel=\"canonical\" href=\"https:\/\/ambrosia-wedding.com\/en\/\" \/>\n<meta property=\"og:locale\" content=\"en_US\" \/>\n<meta property=\"og:type\" content=\"article\" \/>\n<meta property=\"og:title\" content=\"Erste Schritte zum Hochzeit am Strand Komplettpaket\" \/>\n<meta property=\"og:description\" content=\"The complete beach wedding package: wedding planner Anna Ambrosiewicz plans and organises your carefree, dreamy, relaxed wedding on the beach.\" \/>\n<meta property=\"og:url\" content=\"https:\/\/ambrosia-wedding.com\/en\/\" \/>\n<meta property=\"og:site_name\" content=\"Ambrosia Wedding Planner in Spanien\" \/>\n<meta property=\"article:publisher\" content=\"http:\/\/www.facebook.com\/ambrosiawedding\" \/>\n<meta property=\"article:modified_time\" content=\"2025-07-01T11:44:42+00:00\" \/>\n<meta name=\"twitter:card\" content=\"summary_large_image\" \/>\n<meta name=\"twitter:site\" content=\"@ambrosiawedding\" \/>\n<meta name=\"twitter:label1\" content=\"Est. reading time\" \/>\n\t<meta name=\"twitter:data1\" content=\"4 minutes\" \/>\n<script type=\"application\/ld+json\" class=\"yoast-schema-graph\">{\"@context\":\"https:\\\/\\\/schema.org\",\"@graph\":[{\"@type\":\"WebPage\",\"@id\":\"https:\\\/\\\/ambrosia-wedding.com\\\/en\\\/hochzeit-am-strand-komplettpaket\\\/\",\"url\":\"https:\\\/\\\/ambrosia-wedding.com\\\/en\\\/\",\"name\":\"Wedding on the beach complete package\",\"isPartOf\":{\"@id\":\"https:\\\/\\\/ambrosia-wedding.com\\\/en\\\/#website\"},\"datePublished\":\"2014-10-17T21:20:27+00:00\",\"dateModified\":\"2025-07-01T11:44:42+00:00\",\"description\":\"The complete beach wedding package: wedding planner Anna Ambrosiewicz plans and organises your carefree, dreamy, relaxed wedding on the beach.\",\"breadcrumb\":{\"@id\":\"https:\\\/\\\/ambrosia-wedding.com\\\/en\\\/#breadcrumb\"},\"inLanguage\":\"en-US\",\"potentialAction\":[{\"@type\":\"ReadAction\",\"target\":[\"https:\\\/\\\/ambrosia-wedding.com\\\/en\\\/\"]}]},{\"@type\":\"BreadcrumbList\",\"@id\":\"https:\\\/\\\/ambrosia-wedding.com\\\/en\\\/#breadcrumb\",\"itemListElement\":[{\"@type\":\"ListItem\",\"position\":1,\"name\":\"Startseite\",\"item\":\"https:\\\/\\\/ambrosia-wedding.com\\\/en\\\/\"},{\"@type\":\"ListItem\",\"position\":2,\"name\":\"Erste Schritte zum Hochzeit am Strand Komplettpaket\"}]},{\"@type\":\"WebSite\",\"@id\":\"https:\\\/\\\/ambrosia-wedding.com\\\/en\\\/#website\",\"url\":\"https:\\\/\\\/ambrosia-wedding.com\\\/en\\\/\",\"name\":\"Ambrosia Wedding - Wedding Planner & Designer\",\"description\":\"Anna Ambrosiewicz\",\"publisher\":{\"@id\":\"https:\\\/\\\/ambrosia-wedding.com\\\/en\\\/#organization\"},\"potentialAction\":[{\"@type\":\"SearchAction\",\"target\":{\"@type\":\"EntryPoint\",\"urlTemplate\":\"https:\\\/\\\/ambrosia-wedding.com\\\/en\\\/?s={search_term_string}\"},\"query-input\":{\"@type\":\"PropertyValueSpecification\",\"valueRequired\":true,\"valueName\":\"search_term_string\"}}],\"inLanguage\":\"en-US\"},{\"@type\":\"Organization\",\"@id\":\"https:\\\/\\\/ambrosia-wedding.com\\\/en\\\/#organization\",\"name\":\"Ambrosia Wedding\",\"url\":\"https:\\\/\\\/ambrosia-wedding.com\\\/en\\\/\",\"logo\":{\"@type\":\"ImageObject\",\"inLanguage\":\"en-US\",\"@id\":\"https:\\\/\\\/ambrosia-wedding.com\\\/en\\\/#\\\/schema\\\/logo\\\/image\\\/\",\"url\":\"\",\"contentUrl\":\"\",\"caption\":\"Ambrosia Wedding\"},\"image\":{\"@id\":\"https:\\\/\\\/ambrosia-wedding.com\\\/en\\\/#\\\/schema\\\/logo\\\/image\\\/\"},\"sameAs\":[\"http:\\\/\\\/www.facebook.com\\\/ambrosiawedding\",\"https:\\\/\\\/x.com\\\/ambrosiawedding\"]}]}<\/script>\n<!-- \/ Yoast SEO Premium plugin. -->","yoast_head_json":{"title":"Wedding on the beach complete package","description":"The complete beach wedding package: wedding planner Anna Ambrosiewicz plans and organises your carefree, dreamy, relaxed wedding on the beach.","robots":{"index":"index","follow":"follow","max-snippet":"max-snippet:-1","max-image-preview":"max-image-preview:large","max-video-preview":"max-video-preview:-1"},"canonical":"https:\/\/ambrosia-wedding.com\/en\/","og_locale":"en_US","og_type":"article","og_title":"Erste Schritte zum Hochzeit am Strand Komplettpaket","og_description":"The complete beach wedding package: wedding planner Anna Ambrosiewicz plans and organises your carefree, dreamy, relaxed wedding on the beach.","og_url":"https:\/\/ambrosia-wedding.com\/en\/","og_site_name":"Ambrosia Wedding Planner in Spanien","article_publisher":"http:\/\/www.facebook.com\/ambrosiawedding","article_modified_time":"2025-07-01T11:44:42+00:00","twitter_card":"summary_large_image","twitter_site":"@ambrosiawedding","twitter_misc":{"Est. reading time":"4 minutes"},"schema":{"@context":"https:\/\/schema.org","@graph":[{"@type":"WebPage","@id":"https:\/\/ambrosia-wedding.com\/en\/hochzeit-am-strand-komplettpaket\/","url":"https:\/\/ambrosia-wedding.com\/en\/","name":"Wedding on the beach complete package","isPartOf":{"@id":"https:\/\/ambrosia-wedding.com\/en\/#website"},"datePublished":"2014-10-17T21:20:27+00:00","dateModified":"2025-07-01T11:44:42+00:00","description":"The complete beach wedding package: wedding planner Anna Ambrosiewicz plans and organises your carefree, dreamy, relaxed wedding on the beach.","breadcrumb":{"@id":"https:\/\/ambrosia-wedding.com\/en\/#breadcrumb"},"inLanguage":"en-US","potentialAction":[{"@type":"ReadAction","target":["https:\/\/ambrosia-wedding.com\/en\/"]}]},{"@type":"BreadcrumbList","@id":"https:\/\/ambrosia-wedding.com\/en\/#breadcrumb","itemListElement":[{"@type":"ListItem","position":1,"name":"Startseite","item":"https:\/\/ambrosia-wedding.com\/en\/"},{"@type":"ListItem","position":2,"name":"Erste Schritte zum Hochzeit am Strand Komplettpaket"}]},{"@type":"WebSite","@id":"https:\/\/ambrosia-wedding.com\/en\/#website","url":"https:\/\/ambrosia-wedding.com\/en\/","name":"Ambrosia Wedding - Wedding Planner & Designer","description":"Anna Ambrosiewicz","publisher":{"@id":"https:\/\/ambrosia-wedding.com\/en\/#organization"},"potentialAction":[{"@type":"SearchAction","target":{"@type":"EntryPoint","urlTemplate":"https:\/\/ambrosia-wedding.com\/en\/?s={search_term_string}"},"query-input":{"@type":"PropertyValueSpecification","valueRequired":true,"valueName":"search_term_string"}}],"inLanguage":"en-US"},{"@type":"Organization","@id":"https:\/\/ambrosia-wedding.com\/en\/#organization","name":"Ambrosia Wedding","url":"https:\/\/ambrosia-wedding.com\/en\/","logo":{"@type":"ImageObject","inLanguage":"en-US","@id":"https:\/\/ambrosia-wedding.com\/en\/#\/schema\/logo\/image\/","url":"","contentUrl":"","caption":"Ambrosia Wedding"},"image":{"@id":"https:\/\/ambrosia-wedding.com\/en\/#\/schema\/logo\/image\/"},"sameAs":["http:\/\/www.facebook.com\/ambrosiawedding","https:\/\/x.com\/ambrosiawedding"]}]}},"_links":{"self":[{"href":"https:\/\/ambrosia-wedding.com\/en\/wp-json\/wp\/v2\/pages\/11704","targetHints":{"allow":["GET"]}}],"collection":[{"href":"https:\/\/ambrosia-wedding.com\/en\/wp-json\/wp\/v2\/pages"}],"about":[{"href":"https:\/\/ambrosia-wedding.com\/en\/wp-json\/wp\/v2\/types\/page"}],"author":[{"embeddable":true,"href":"https:\/\/ambrosia-wedding.com\/en\/wp-json\/wp\/v2\/users\/1"}],"replies":[{"embeddable":true,"href":"https:\/\/ambrosia-wedding.com\/en\/wp-json\/wp\/v2\/comments?post=11704"}],"version-history":[{"count":7,"href":"https:\/\/ambrosia-wedding.com\/en\/wp-json\/wp\/v2\/pages\/11704\/revisions"}],"predecessor-version":[{"id":20076,"href":"https:\/\/ambrosia-wedding.com\/en\/wp-json\/wp\/v2\/pages\/11704\/revisions\/20076"}],"wp:attachment":[{"href":"https:\/\/ambrosia-wedding.com\/en\/wp-json\/wp\/v2\/media?parent=11704"}],"curies":[{"name":"wp","href":"https:\/\/api.w.org\/{rel}","templated":true}]}}